{"id":399,"date":"2025-05-14T09:50:56","date_gmt":"2025-05-14T07:50:56","guid":{"rendered":"https:\/\/econau.org\/aula\/"},"modified":"2026-03-16T20:38:33","modified_gmt":"2026-03-16T20:38:33","slug":"aula","status":"publish","type":"page","link":"https:\/\/econau.org\/es\/aula\/","title":{"rendered":"AULA"},"content":{"rendered":"<p>[et_pb_section fb_built=\u00bb1&#8243; admin_label=\u00bbCommunity\u00bb _builder_version=\u00bb4.23.2&#8243; _module_preset=\u00bbdefault\u00bb custom_padding=\u00bb||17px|||\u00bb locked=\u00bboff\u00bb collapsed=\u00bbon\u00bb global_colors_info=\u00bb{}\u00bb][et_pb_row _builder_version=\u00bb4.24.2&#8243; _module_preset=\u00bbdefault\u00bb locked=\u00bboff\u00bb global_colors_info=\u00bb{}\u00bb][et_pb_column type=\u00bb4_4&#8243; _builder_version=\u00bb4.23.2&#8243; _module_preset=\u00bbdefault\u00bb global_colors_info=\u00bb{}\u00bb][et_pb_text _builder_version=\u00bb4.27.4&#8243; _module_preset=\u00bbdcdee800-f3c7-4c85-b5b5-b949d53ecf4c\u00bb header_text_color=\u00bbgcid-0a70bcaa-1736-40e0-9723-4fb88b8b6694&#8243; text_orientation=\u00bbcenter\u00bb global_colors_info=\u00bb{%22gcid-0a70bcaa-1736-40e0-9723-4fb88b8b6694%22:%91%22header_text_color%22%93}\u00bb]<\/p>\n<h1 style=\"text-align: left;\">AULA<\/h1>\n<p>[\/et_pb_text][\/et_pb_column][\/et_pb_row][et_pb_row _builder_version=\u00bb4.27.4&#8243; _module_preset=\u00bbdefault\u00bb custom_margin=\u00bb-11px||||false|false\u00bb global_colors_info=\u00bb{}\u00bb][et_pb_column type=\u00bb4_4&#8243; _builder_version=\u00bb4.23.2&#8243; _module_preset=\u00bbdefault\u00bb global_colors_info=\u00bb{}\u00bb][et_pb_text _builder_version=\u00bb4.27.4&#8243; _module_preset=\u00bbdefault\u00bb text_font_size=\u00bb19px\u00bb text_line_height=\u00bb1.8em\u00bb custom_margin=\u00bb||-2px|||\u00bb custom_padding=\u00bb||0px|||\u00bb global_colors_info=\u00bb{}\u00bb]<\/p>\n<h1><b>Pr\u00f3ximas formaciones<\/b><span style=\"font-size: 19px; color: #666666;\"> <\/span><\/h1>\n<p>[\/et_pb_text][\/et_pb_column][\/et_pb_row][et_pb_row _builder_version=\u00bb4.27.4&#8243; _module_preset=\u00bbdefault\u00bb custom_margin=\u00bb-7px|auto||auto||\u00bb custom_padding=\u00bb13px|||||\u00bb global_colors_info=\u00bb{}\u00bb][et_pb_column type=\u00bb4_4&#8243; _builder_version=\u00bb4.27.4&#8243; _module_preset=\u00bbdefault\u00bb global_colors_info=\u00bb{}\u00bb][et_pb_blog fullwidth=\u00bboff\u00bb posts_number=\u00bb6&#8243; include_categories=\u00bb96&#8243; show_author=\u00bboff\u00bb show_date=\u00bboff\u00bb show_categories=\u00bboff\u00bb _builder_version=\u00bb4.27.4&#8243; _module_preset=\u00bbdefault\u00bb custom_margin=\u00bb-1px|||||\u00bb global_colors_info=\u00bb{}\u00bb][\/et_pb_blog][\/et_pb_column][\/et_pb_row][et_pb_row _builder_version=\u00bb4.23.2&#8243; _module_preset=\u00bbdefault\u00bb global_colors_info=\u00bb{}\u00bb][et_pb_column type=\u00bb4_4&#8243; _builder_version=\u00bb4.23.2&#8243; _module_preset=\u00bbdefault\u00bb global_colors_info=\u00bb{}\u00bb][et_pb_text _builder_version=\u00bb4.27.4&#8243; _module_preset=\u00bbdefault\u00bb text_font_size=\u00bb19px\u00bb text_line_height=\u00bb1.8em\u00bb global_colors_info=\u00bb{}\u00bb]<\/p>\n<h1><strong><\/strong><\/h1>\n<h1><strong>F\u00f3rmate y conecta con la naturaleza<\/strong><\/h1>\n<p>El aula es un espacio di\u00e1fano y polivalente de <strong>80 m\u00b2 con capacidad para 40 personas<\/strong>, equipado con:<\/p>\n<ul>\n<li>Sala de formaciones con videoproyector<\/li>\n<li>Sala de relaxaci\u00f3n<\/li>\n<li>Lavabo <\/li>\n<li>Altillo de 35\u202fm\u00b2 addicionales de almac\u00e9n<\/li>\n<\/ul>\n<p>Este espacio nace para acoger formaciones y talleres sobre <strong>agricultura ecol\u00f3gica y regenerativa, divulgaci\u00f3n cultural y gastron\u00f3mica<\/strong>, y queremos dotarle de recursos pedag\u00f3gicos abiertos a nuestros socios y socias.<\/p>\n<p>Dentro y fuera del aula, organizamos actividades educativas y l\u00fadicas en la naturaleza para promover el bienestar y una conexi\u00f3n equilibrada con el entorno.<\/p>\n<p>Ya tenemos en marcha una <strong>rica programaci\u00f3n de cursos <\/strong>en agroecolog\u00eda, bienestar y educaci\u00f3n ambiental. \u00a1Escoge tus favoritos e inscr\u00edbete hoy mismo! <\/p>\n<p>[\/et_pb_text][\/et_pb_column][\/et_pb_row][et_pb_row column_structure=\u00bb1_3,2_3&#8243; _builder_version=\u00bb4.27.4&#8243; _module_preset=\u00bbdefault\u00bb global_colors_info=\u00bb{}\u00bb][et_pb_column type=\u00bb1_3&#8243; _builder_version=\u00bb4.27.4&#8243; _module_preset=\u00bbdefault\u00bb global_colors_info=\u00bb{}\u00bb][et_pb_text _builder_version=\u00bb4.27.4&#8243; _module_preset=\u00bbdefault\u00bb text_orientation=\u00bbcenter\u00bb module_alignment=\u00bbcenter\u00bb global_colors_info=\u00bb{}\u00bb]<\/p>\n<h4><\/h4>\n<h4><\/h4>\n<h4><\/h4>\n<h4><\/h4>\n<h4><\/h4>\n<h4><\/h4>\n<h4><\/h4>\n<h4><\/h4>\n<h4>Y a partir del 25 de septiembre 2025, ofrecemos sesiones regulares de yoga con Mija y Oasis Moment cada jueves tarde. \u00bfQueremos abrir una sesi\u00f3n para j\u00f3venes, a partir de 12 a\u00f1os, te interesa? <\/h4>\n<p>&nbsp;<\/p>\n<p>[\/et_pb_text][\/et_pb_column][et_pb_column type=\u00bb2_3&#8243; _builder_version=\u00bb4.27.4&#8243; _module_preset=\u00bbdefault\u00bb global_colors_info=\u00bb{}\u00bb][et_pb_image src=\u00bbhttps:\/\/econau.org\/wp-content\/uploads\/2025\/10\/ioga.png\u00bb alt=\u00bbyoga\u00bb title_text=\u00bbioga\u00bb align=\u00bbcenter\u00bb _builder_version=\u00bb4.27.4&#8243; _module_preset=\u00bbdefault\u00bb global_colors_info=\u00bb{}\u00bb][\/et_pb_image][\/et_pb_column][\/et_pb_row][et_pb_row _builder_version=\u00bb4.27.4&#8243; _module_preset=\u00bbdefault\u00bb background_enable_pattern_style=\u00bbon\u00bb background_pattern_style=\u00bbsmiles\u00bb background_pattern_color=\u00bbrgba(63,35,3,0.2)\u00bb global_colors_info=\u00bb{}\u00bb][et_pb_column type=\u00bb4_4&#8243; _builder_version=\u00bb4.23.2&#8243; _module_preset=\u00bbdefault\u00bb global_colors_info=\u00bb{}\u00bb][et_pb_text _builder_version=\u00bb4.27.4&#8243; _module_preset=\u00bbdefault\u00bb text_font_size=\u00bb19px\u00bb text_line_height=\u00bb1.8em\u00bb global_colors_info=\u00bb{}\u00bb]<\/p>\n<h1><strong>Herramientas y recursos<\/strong><\/h1>\n<p>Hemos publicado materiales :<\/p>\n<p>[\/et_pb_text][\/et_pb_column][\/et_pb_row][et_pb_row column_structure=\u00bb1_4,1_4,1_4,1_4&#8243; _builder_version=\u00bb4.27.4&#8243; _module_preset=\u00bbdefault\u00bb global_colors_info=\u00bb{}\u00bb][et_pb_column type=\u00bb1_4&#8243; _builder_version=\u00bb4.27.4&#8243; _module_preset=\u00bbdefault\u00bb global_colors_info=\u00bb{}\u00bb][et_pb_image src=\u00bbhttps:\/\/econau.org\/wp-content\/uploads\/2025\/08\/receptari.png\u00bb title_text=\u00bbrecetario\u00bb url=\u00bbhttps:\/\/econau.org\/wp-content\/uploads\/2025\/08\/Receptari-CAT-2.pdf\u00bb url_new_window=\u00bbon\u00bb _builder_version=\u00bb4.27.4&#8243; _module_preset=\u00bbdefault\u00bb width=\u00bb96.1%\u00bb custom_padding=\u00bb|56px||||\u00bb global_colors_info=\u00bb{}\u00bb][\/et_pb_image][et_pb_text _builder_version=\u00bb4.27.4&#8243; _module_preset=\u00bbdefault\u00bb global_colors_info=\u00bb{}\u00bb]<\/p>\n<p><a href=\"https:\/\/econau.org\/wp-content\/uploads\/2025\/08\/Receptari-CAT-2.pdf\"><strong>Recetario Del algarrobo a la cocina, <\/strong>por Andrea Celsi<\/a><\/p>\n<p>6 recetas para introducir la Garrofarina, el Garrocau y la Garromel en tu cocina<\/p>\n<p>[\/et_pb_text][\/et_pb_column][et_pb_column type=\u00bb1_4&#8243; _builder_version=\u00bb4.27.4&#8243; _module_preset=\u00bbdefault\u00bb global_colors_info=\u00bb{}\u00bb][et_pb_image src=\u00bbhttps:\/\/econau.org\/wp-content\/uploads\/2025\/08\/sintropica.png\u00bb title_text=\u00bbsintropica\u00bb url=\u00bbhttps:\/\/econau.org\/wp-content\/uploads\/2025\/07\/Manual-Sintropica_ESP.pdf\u00bb url_new_window=\u00bbon\u00bb _builder_version=\u00bb4.27.4&#8243; _module_preset=\u00bbdefault\u00bb width=\u00bb94.9%\u00bb global_colors_info=\u00bb{}\u00bb][\/et_pb_image][et_pb_text _builder_version=\u00bb4.27.4&#8243; _module_preset=\u00bbdefault\u00bb global_colors_info=\u00bb{}\u00bb]<\/p>\n<p><a href=\"https:\/\/econau.org\/wp-content\/uploads\/2025\/07\/Manual-Sintropica_ESP.pdf\" target=\"_blank\" rel=\"noopener\"><em><strong>Bosques productivos<\/strong><\/em>, por Ana Sosa Ayala<\/a><\/p>\n<p>Manual juvenil para aprender juntos sobre la agricultura sintr\u00f3pica<\/p>\n<p>[\/et_pb_text][\/et_pb_column][et_pb_column type=\u00bb1_4&#8243; _builder_version=\u00bb4.27.4&#8243; _module_preset=\u00bbdefault\u00bb global_colors_info=\u00bb{}\u00bb][et_pb_image src=\u00bbhttps:\/\/econau.org\/wp-content\/uploads\/2025\/08\/castanyera.png\u00bb title_text=\u00bbcasta\u00f1era\u00bb url=\u00bbhttps:\/\/econau.org\/wp-content\/uploads\/2025\/08\/castanyera_pag.pdf\u00bb url_new_window=\u00bbon\u00bb _builder_version=\u00bb4.27.4&#8243; _module_preset=\u00bbdefault\u00bb width=\u00bb94.5%\u00bb custom_margin=\u00bb|28px||||\u00bb global_colors_info=\u00bb{}\u00bb][\/et_pb_image][et_pb_text _builder_version=\u00bb4.27.4&#8243; _module_preset=\u00bbdefault\u00bb global_colors_info=\u00bb{}\u00bb]<\/p>\n<p><a href=\"https:\/\/econau.org\/wp-content\/uploads\/2025\/08\/castanyera_pag.pdf\" target=\"_blank\" rel=\"noopener\"><strong>La casta\u00f1era del Delta,<\/strong> por Eva Campomar<\/a><\/p>\n<p>Un cuento popular adaptado por Eva, e ilustrado por ni\u00f1os, un proyecto de las asociaciones Econau y Tatak\u00fca (catalan y ingl\u00e8s)<\/p>\n<p>[\/et_pb_text][\/et_pb_column][et_pb_column type=\u00bb1_4&#8243; _builder_version=\u00bb4.27.4&#8243; _module_preset=\u00bbdefault\u00bb global_colors_info=\u00bb{}\u00bb][et_pb_image src=\u00bbhttps:\/\/econau.org\/wp-content\/uploads\/2025\/08\/fitxes.png\u00bb title_text=\u00bbfichas\u00bb url=\u00bbhttps:\/\/econau.org\/wp-content\/uploads\/2025\/07\/Fitxes-cultius.pdf\u00bb url_new_window=\u00bbon\u00bb _builder_version=\u00bb4.27.4&#8243; _module_preset=\u00bbdefault\u00bb width=\u00bb94.9%\u00bb global_colors_info=\u00bb{}\u00bb][\/et_pb_image][et_pb_text _builder_version=\u00bb4.27.4&#8243; _module_preset=\u00bbdefault\u00bb global_colors_info=\u00bb{}\u00bb]<\/p>\n<p><a href=\"https:\/\/econau.org\/wp-content\/uploads\/2025\/07\/Fitxes-cultius.pdf\" target=\"_blank\" rel=\"noopener\"><strong>Fichas de cultivos de secano<\/strong>, por l&#8217;Econau<\/a><\/p>\n<p>Fichas del algarrobo, del olivo y del almendro, extracto de <a href=\"pfaf.org\" target=\"_blank\" rel=\"noopener\">Plants for a future<\/a><\/p>\n<p>[\/et_pb_text][\/et_pb_column][\/et_pb_row][et_pb_row _builder_version=\u00bb4.27.4&#8243; _module_preset=\u00bbdefault\u00bb background_enable_pattern_style=\u00bbon\u00bb background_pattern_style=\u00bbsmiles\u00bb global_colors_info=\u00bb{}\u00bb][et_pb_column type=\u00bb4_4&#8243; _builder_version=\u00bb4.27.4&#8243; _module_preset=\u00bbdefault\u00bb global_colors_info=\u00bb{}\u00bb][et_pb_text _builder_version=\u00bb4.27.4&#8243; _module_preset=\u00bbdefault\u00bb global_colors_info=\u00bb{}\u00bb]<\/p>\n<h1><strong>EXPERIENCIAS<\/strong><\/h1>\n<p>\u00a1Tambi\u00e9n organizamos<strong> <a href=\"https:\/\/econau.org\/wp-content\/uploads\/2025\/07\/Cataleg-experiencies-CAT-4.pdf\" target=\"_blank\" rel=\"noopener\">experiencias educativas<\/a><\/strong> para ni\u00f1os de todas las edades!<\/p>\n<p>[\/et_pb_text][\/et_pb_column][\/et_pb_row][et_pb_row column_structure=\u00bb1_3,1_3,1_3&#8243; _builder_version=\u00bb4.27.4&#8243; _module_preset=\u00bbdefault\u00bb global_colors_info=\u00bb{}\u00bb][et_pb_column type=\u00bb1_3&#8243; _builder_version=\u00bb4.27.4&#8243; _module_preset=\u00bbdefault\u00bb global_colors_info=\u00bb{}\u00bb][et_pb_image src=\u00bbhttps:\/\/econau.org\/wp-content\/uploads\/2025\/08\/3.jpg\u00bb title_text=\u00bb3&#8243; url=\u00bbhttps:\/\/econau.org\/wp-content\/uploads\/2026\/01\/Cataleg-experiencies-CAT-4_compressed.pdf\u00bb url_new_window=\u00bbon\u00bb _builder_version=\u00bb4.27.4&#8243; _module_preset=\u00bbdefault\u00bb hover_enabled=\u00bb0&#8243; global_colors_info=\u00bb{}\u00bb sticky_enabled=\u00bb0&#8243;][\/et_pb_image][\/et_pb_column][et_pb_column type=\u00bb1_3&#8243; _builder_version=\u00bb4.27.4&#8243; _module_preset=\u00bbdefault\u00bb global_colors_info=\u00bb{}\u00bb][et_pb_image src=\u00bbhttps:\/\/econau.org\/wp-content\/uploads\/2025\/08\/2.jpg\u00bb title_text=\u00bb2&#8243; url=\u00bbhttps:\/\/econau.org\/wp-content\/uploads\/2026\/01\/Cataleg-experiencies-CAT-4_compressed.pdf\u00bb url_new_window=\u00bbon\u00bb _builder_version=\u00bb4.27.4&#8243; _module_preset=\u00bbdefault\u00bb hover_enabled=\u00bb0&#8243; global_colors_info=\u00bb{}\u00bb sticky_enabled=\u00bb0&#8243;][\/et_pb_image][\/et_pb_column][et_pb_column type=\u00bb1_3&#8243; _builder_version=\u00bb4.27.4&#8243; _module_preset=\u00bbdefault\u00bb global_colors_info=\u00bb{}\u00bb][et_pb_image src=\u00bbhttps:\/\/econau.org\/wp-content\/uploads\/2025\/08\/6.jpg\u00bb title_text=\u00bb6&#8243; url=\u00bbhttps:\/\/econau.org\/wp-content\/uploads\/2026\/01\/Cataleg-experiencies-CAT-4_compressed.pdf\u00bb url_new_window=\u00bbon\u00bb _builder_version=\u00bb4.27.4&#8243; _module_preset=\u00bbdefault\u00bb hover_enabled=\u00bb0&#8243; global_colors_info=\u00bb{}\u00bb sticky_enabled=\u00bb0&#8243;][\/et_pb_image][\/et_pb_column][\/et_pb_row][et_pb_row column_structure=\u00bb1_2,1_2&#8243; _builder_version=\u00bb4.27.4&#8243; _module_preset=\u00bbdefault\u00bb global_colors_info=\u00bb{}\u00bb][et_pb_column type=\u00bb1_2&#8243; _builder_version=\u00bb4.27.4&#8243; _module_preset=\u00bbdefault\u00bb global_colors_info=\u00bb{}\u00bb][et_pb_image src=\u00bbhttps:\/\/econau.org\/wp-content\/uploads\/2025\/08\/4.jpg\u00bb title_text=\u00bb4&#8243; url=\u00bbhttps:\/\/econau.org\/wp-content\/uploads\/2026\/01\/Cataleg-experiencies-CAT-4_compressed.pdf\u00bb url_new_window=\u00bbon\u00bb _builder_version=\u00bb4.27.4&#8243; _module_preset=\u00bbdefault\u00bb width=\u00bb84.12387299098393%\u00bb custom_margin=\u00bb|81px||||\u00bb hover_enabled=\u00bb0&#8243; global_colors_info=\u00bb{}\u00bb sticky_enabled=\u00bb0&#8243;][\/et_pb_image][\/et_pb_column][et_pb_column type=\u00bb1_2&#8243; _builder_version=\u00bb4.27.4&#8243; _module_preset=\u00bbdefault\u00bb global_colors_info=\u00bb{}\u00bb][et_pb_image src=\u00bbhttps:\/\/econau.org\/wp-content\/uploads\/2025\/08\/5.jpg\u00bb title_text=\u00bb5&#8243; url=\u00bbhttps:\/\/econau.org\/wp-content\/uploads\/2026\/01\/Cataleg-experiencies-CAT-4_compressed.pdf\u00bb url_new_window=\u00bbon\u00bb _builder_version=\u00bb4.27.4&#8243; _module_preset=\u00bbdefault\u00bb custom_padding=\u00bb|77px||||\u00bb hover_enabled=\u00bb0&#8243; global_colors_info=\u00bb{}\u00bb sticky_enabled=\u00bb0&#8243;][\/et_pb_image][\/et_pb_column][\/et_pb_row][et_pb_row _builder_version=\u00bb4.27.4&#8243; _module_preset=\u00bbdefault\u00bb global_colors_info=\u00bb{}\u00bb][et_pb_column type=\u00bb4_4&#8243; _builder_version=\u00bb4.27.4&#8243; _module_preset=\u00bbdefault\u00bb global_colors_info=\u00bb{}\u00bb][et_pb_text _builder_version=\u00bb4.27.4&#8243; _module_preset=\u00bbdefault\u00bb text_font_size=\u00bb19px\u00bb text_line_height=\u00bb1.8em\u00bb global_colors_info=\u00bb{}\u00bb]<\/p>\n<h1><strong>Espacios para el bienestar y el juego<\/strong><strong><\/strong><\/h1>\n<p><strong><\/strong><\/p>\n<h3><strong><span>Sala de Cuidados<\/span><\/strong><\/h3>\n<p>Un espacio \u00edntimo y acogedor destinado a <strong>masajes, terapias naturales y tratamientos hol\u00edsticos<\/strong>. Ideal para reconectar con el cuerpo, calmar la mente y favorecer el bienestar integral. <\/p>\n<p>Colabora Tania de Alma Masajes, que ofrece masajes terap\u00e9uticos, relajantes y rituales corporales basados \u200b\u200ben una visi\u00f3n hol\u00edstica y respetuosa del cuerpo y las emociones.<\/p>\n<p>Destacamos sus <strong>rituales corporales con algarroba<\/strong>, una experiencia sensorial que combina aromas y texturas de este fruto ancestral, rico en antioxidantes, minerales y vitaminas del grupo B. La algarroba nutre la piel, ayuda a regenerar el tejido cut\u00e1neo y aporta una sensaci\u00f3n de nutrici\u00f3n y bienestar profundo. Un aut\u00e9ntico homenaje al territorio ya tu salud. <\/p>\n<p>\ud83d\udcc5 \u00bfQuieres reservar un masaje o tratamiento?<br \/>Contacta directamente con Tania:<br \/>\ud83d\udcde <strong>Tel.\/WhatsApp: <span>661 843 508<\/span><\/strong><strong><br \/><\/strong>\ud83d\udce7 info.econau@gmail.com<strong><br \/><\/strong>\ud83d\udccd Sesiones con cita previa en la Sala de Cuidados (espacio integrado en nuestra nave).<\/p>\n<p> Abrimos este espacio a profesionales que quieran ofrecer sus sesiones.<\/p>\n<p>[\/et_pb_text][\/et_pb_column][\/et_pb_row][et_pb_row _builder_version=\u00bb4.27.4&#8243; _module_preset=\u00bbdefault\u00bb global_colors_info=\u00bb{}\u00bb][et_pb_column type=\u00bb4_4&#8243; _builder_version=\u00bb4.27.4&#8243; _module_preset=\u00bbdefault\u00bb global_colors_info=\u00bb{}\u00bb][et_pb_text _builder_version=\u00bb4.27.4&#8243; _module_preset=\u00bbdefault\u00bb text_font_size=\u00bb19px\u00bb text_line_height=\u00bb1.8em\u00bb global_colors_info=\u00bb{}\u00bb]<\/p>\n<h1><strong>\u00c0rea EcoKids<\/strong><\/h1>\n<p>Un espacio exterior dise\u00f1ado para que los ni\u00f1os jueguen y aprendan en contacto directo con la naturaleza, siguiendo los principios de la permacultura. Aqu\u00ed el juego libre, la exploraci\u00f3n y la observaci\u00f3n de los ciclos naturales son los grandes protagonistas. <\/p>\n<p>[\/et_pb_text][\/et_pb_column][\/et_pb_row][et_pb_row _builder_version=\u00bb4.27.4&#8243; _module_preset=\u00bbdefault\u00bb global_colors_info=\u00bb{}\u00bb][et_pb_column type=\u00bb4_4&#8243; _builder_version=\u00bb4.27.4&#8243; _module_preset=\u00bbdefault\u00bb global_colors_info=\u00bb{}\u00bb][et_pb_image src=\u00bbhttps:\/\/econau.org\/wp-content\/uploads\/2025\/07\/IMG_5278-Pano-copia-scaled.jpg\u00bb alt=\u00bbEcoKids\u00bb title_text=\u00bbIMG_5278-Pano &#8211; copia\u00bb _builder_version=\u00bb4.27.4&#8243; _module_preset=\u00bbdefault\u00bb global_colors_info=\u00bb{}\u00bb][\/et_pb_image][\/et_pb_column][\/et_pb_row][et_pb_row _builder_version=\u00bb4.27.4&#8243; _module_preset=\u00bbdefault\u00bb global_colors_info=\u00bb{}\u00bb][et_pb_column type=\u00bb4_4&#8243; _builder_version=\u00bb4.27.4&#8243; _module_preset=\u00bbdefault\u00bb global_colors_info=\u00bb{}\u00bb][et_pb_text _builder_version=\u00bb4.27.4&#8243; _module_preset=\u00bbdefault\u00bb text_font_size=\u00bb19px\u00bb text_line_height=\u00bb1.8em\u00bb global_colors_info=\u00bb{}\u00bb]<\/p>\n<h1><strong>Con el apoyo de la Diputaci\u00f3 de Tarragona<\/strong><\/h1>\n<p>La mayor\u00eda de los cursos, talleres y actividades realizadas durante 2024\/2025 y diversas actuaciones de mejora ambiental y de accesibilidad han contado con el apoyo de la <strong>Diputaci\u00f3n de Tarragona<\/strong>, a trav\u00e9s de la l\u00ednea 1 de subvenciones para proyectos de protecci\u00f3n y mejora del medio ambiente.<\/p>\n<p>La ayuda atorgada ha sido de <strong>21.912 \u20ac para 2024-2025.<br \/><\/strong><\/p>\n<p>[\/et_pb_text][\/et_pb_column][\/et_pb_row][\/et_pb_section][et_pb_section fb_built=\u00bb1&#8243; _builder_version=\u00bb4.27.4&#8243; _module_preset=\u00bbdefault\u00bb custom_padding=\u00bb||13px|||\u00bb global_colors_info=\u00bb{}\u00bb][et_pb_row _builder_version=\u00bb4.27.4&#8243; _module_preset=\u00bbdefault\u00bb global_colors_info=\u00bb{}\u00bb][et_pb_column type=\u00bb4_4&#8243; _builder_version=\u00bb4.27.4&#8243; _module_preset=\u00bbdefault\u00bb global_colors_info=\u00bb{}\u00bb][et_pb_text _builder_version=\u00bb4.24.2&#8243; _module_preset=\u00bbb735def2-e6ec-4c8f-bfbf-39b204f125a4&#8243; text_orientation=\u00bbcenter\u00bb locked=\u00bboff\u00bb global_colors_info=\u00bb{}\u00bb]<\/p>\n<h2>Eventos Futuros<\/h2>\n<p>[\/et_pb_text][et_pb_blog fullwidth=\u00bboff\u00bb posts_number=\u00bb4&#8243; include_categories=\u00bb97,81&#8243; show_author=\u00bboff\u00bb show_date=\u00bboff\u00bb show_categories=\u00bboff\u00bb _builder_version=\u00bb4.27.4&#8243; _module_preset=\u00bbdefault\u00bb global_colors_info=\u00bb{}\u00bb][\/et_pb_blog][\/et_pb_column][\/et_pb_row][\/et_pb_section][et_pb_section fb_built=\u00bb1&#8243; _builder_version=\u00bb4.27.4&#8243; _module_preset=\u00bbdefault\u00bb global_colors_info=\u00bb{}\u00bb][et_pb_row _builder_version=\u00bb4.27.4&#8243; _module_preset=\u00bbdefault\u00bb global_colors_info=\u00bb{}\u00bb][et_pb_column type=\u00bb4_4&#8243; _builder_version=\u00bb4.27.4&#8243; _module_preset=\u00bbdefault\u00bb global_colors_info=\u00bb{}\u00bb][et_pb_text _builder_version=\u00bb4.24.2&#8243; _module_preset=\u00bbb735def2-e6ec-4c8f-bfbf-39b204f125a4&#8243; text_orientation=\u00bbcenter\u00bb locked=\u00bboff\u00bb global_colors_info=\u00bb{}\u00bb]<\/p>\n<h2>Passado<\/h2>\n<p>[\/et_pb_text][\/et_pb_column][\/et_pb_row][et_pb_row _builder_version=\u00bb4.27.4&#8243; _module_preset=\u00bbdefault\u00bb global_colors_info=\u00bb{}\u00bb][et_pb_column type=\u00bb4_4&#8243; _builder_version=\u00bb4.27.4&#8243; _module_preset=\u00bbdefault\u00bb global_colors_info=\u00bb{}\u00bb][et_pb_blog include_categories=\u00bb109&#8243; show_thumbnail=\u00bboff\u00bb use_manual_excerpt=\u00bboff\u00bb show_author=\u00bboff\u00bb show_date=\u00bboff\u00bb show_categories=\u00bboff\u00bb _builder_version=\u00bb4.27.4&#8243; _module_preset=\u00bbdefault\u00bb global_colors_info=\u00bb{}\u00bb][\/et_pb_blog][\/et_pb_column][\/et_pb_row][\/et_pb_section]<\/p>\n","protected":false},"excerpt":{"rendered":"<p>AULAPr\u00f3ximas formaciones F\u00f3rmate y conecta con la naturaleza El aula es un espacio di\u00e1fano y polivalente de 80 m\u00b2 con capacidad para 40 personas, equipado con: Sala de formaciones con videoproyector Sala de relaxaci\u00f3n Lavabo Altillo de 35\u202fm\u00b2 addicionales de almac\u00e9n Este espacio nace para acoger formaciones y talleres sobre agricultura ecol\u00f3gica y regenerativa, divulgaci\u00f3n [&hellip;]<\/p>\n","protected":false},"author":3,"featured_media":0,"parent":0,"menu_order":0,"comment_status":"closed","ping_status":"closed","template":"","meta":{"_et_pb_use_builder":"on","_et_pb_old_content":"","_et_gb_content_width":"","footnotes":""},"class_list":["post-399","page","type-page","status-publish","hentry"],"_links":{"self":[{"href":"https:\/\/econau.org\/es\/wp-json\/wp\/v2\/pages\/399","targetHints":{"allow":["GET"]}}],"collection":[{"href":"https:\/\/econau.org\/es\/wp-json\/wp\/v2\/pages"}],"about":[{"href":"https:\/\/econau.org\/es\/wp-json\/wp\/v2\/types\/page"}],"author":[{"embeddable":true,"href":"https:\/\/econau.org\/es\/wp-json\/wp\/v2\/users\/3"}],"replies":[{"embeddable":true,"href":"https:\/\/econau.org\/es\/wp-json\/wp\/v2\/comments?post=399"}],"version-history":[{"count":14,"href":"https:\/\/econau.org\/es\/wp-json\/wp\/v2\/pages\/399\/revisions"}],"predecessor-version":[{"id":1495,"href":"https:\/\/econau.org\/es\/wp-json\/wp\/v2\/pages\/399\/revisions\/1495"}],"wp:attachment":[{"href":"https:\/\/econau.org\/es\/wp-json\/wp\/v2\/media?parent=399"}],"curies":[{"name":"wp","href":"https:\/\/api.w.org\/{rel}","templated":true}]}}