{"id":404,"date":"2025-05-14T09:53:07","date_gmt":"2025-05-14T09:53:07","guid":{"rendered":"https:\/\/econau.org\/tienda\/"},"modified":"2026-01-21T12:36:28","modified_gmt":"2026-01-21T12:36:28","slug":"tienda","status":"publish","type":"page","link":"https:\/\/econau.org\/es\/tienda\/","title":{"rendered":"TIENDA"},"content":{"rendered":"<p>[et_pb_section fb_built=\u00bb1&#8243; admin_label=\u00bbHeader &#038; Products\u00bb _builder_version=\u00bb4.27.4&#8243; _module_preset=\u00bbdefault\u00bb use_background_color_gradient=\u00bbon\u00bb background_color_gradient_stops=\u00bbrgba(0,0,0,0.24) 0%|rgba(0,0,0,0.72) 100%\u00bb background_color_gradient_overlays_image=\u00bbon\u00bb background_image=\u00bbhttps:\/\/econau.org\/wp-content\/uploads\/2025\/08\/2b.png\u00bb collapsed=\u00bbon\u00bb global_colors_info=\u00bb{}\u00bb][et_pb_row _builder_version=\u00bb4.25.0&#8243; _module_preset=\u00bbdefault\u00bb max_width=\u00bb800px\u00bb locked=\u00bboff\u00bb global_colors_info=\u00bb{}\u00bb][et_pb_column type=\u00bb4_4&#8243; _builder_version=\u00bb4.23.2&#8243; _module_preset=\u00bbdefault\u00bb global_colors_info=\u00bb{}\u00bb][et_pb_text _builder_version=\u00bb4.27.4&#8243; _module_preset=\u00bbbea44571-bc2e-4317-9a65-34a25882e1a9&#8243; header_text_color=\u00bb#FFFFFF\u00bb text_orientation=\u00bbcenter\u00bb custom_margin=\u00bb||10px||false|false\u00bb global_colors_info=\u00bb{}\u00bb]<\/p>\n<h1>Tienda<\/h1>\n<p>[\/et_pb_text][et_pb_text _builder_version=\u00bb4.27.4&#8243; _module_preset=\u00bbbe39d8e4-c71a-4abc-880c-3aef5f25ffec\u00bb text_text_color=\u00bb#FFFFFF\u00bb text_font_size=\u00bb20px\u00bb text_orientation=\u00bbcenter\u00bb custom_margin=\u00bb|-94px||||\u00bb locked=\u00bboff\u00bb global_colors_info=\u00bb{}\u00bb]<\/p>\n<p>Descubre nuestra selecci\u00f3n de productos elaborados con algarroba ecol\u00f3gica e ingredientes locales. Sabor, sostenibilidad y salud al servicio del territorio.<\/p>\n<p>[\/et_pb_text][\/et_pb_column][\/et_pb_row][\/et_pb_section][et_pb_section fb_built=\u00bb1&#8243; admin_label=\u00bbProducts\u00bb _builder_version=\u00bb4.23.2&#8243; _module_preset=\u00bbdefault\u00bb custom_padding=\u00bb||2px|||\u00bb collapsed=\u00bbon\u00bb global_colors_info=\u00bb{}\u00bb][et_pb_row _builder_version=\u00bb4.23.2&#8243; _module_preset=\u00bbdefault\u00bb custom_padding=\u00bb||0px|||\u00bb global_colors_info=\u00bb{}\u00bb][et_pb_column type=\u00bb4_4&#8243; _builder_version=\u00bb4.23.2&#8243; _module_preset=\u00bbdefault\u00bb global_colors_info=\u00bb{}\u00bb][et_pb_text _builder_version=\u00bb4.27.4&#8243; _module_preset=\u00bbf3e321b8-af80-4f3f-a45f-f128ab98eb31&#8243; text_orientation=\u00bbcenter\u00bb custom_margin=\u00bb||-1px||false|false\u00bb custom_padding=\u00bb||0px|||\u00bb global_colors_info=\u00bb{}\u00bb]<\/p>\n<h2>Nuestros productos ecol\u00f3gicos<\/h2>\n<p>&nbsp;<\/p>\n<p>[\/et_pb_text][et_pb_text _builder_version=\u00bb4.27.4&#8243; _module_preset=\u00bbbe39d8e4-c71a-4abc-880c-3aef5f25ffec\u00bb text_orientation=\u00bbcenter\u00bb custom_margin=\u00bb||-2px|||\u00bb global_colors_info=\u00bb{}\u00bb]<\/p>\n<p> Aqu\u00ed no s\u00f3lo compras productos, sino que te llevas territorio, conciencia y calidad ecol\u00f3gica.<\/p>\n<p>Desde el <strong>Mol\u00ed del Mar<\/strong>, te ofrecemos elaboraciones artesanales a base de algarroba y otros tesoros de la tierra, hechos con pasi\u00f3n, rigor y respeto por el ciclo natural de los alimentos.<\/p>\n<p>Sabor, sostenibilidad y salud al servicio del territorio.<\/p>\n<p>&nbsp;<\/p>\n<p>&nbsp;<\/p>\n<h3><strong>Productos estrella del Mol\u00ed del Mar<\/strong><\/h3>\n<ul><\/ul>\n<p>[\/et_pb_text][et_pb_image src=\u00bbhttps:\/\/econau.org\/wp-content\/uploads\/2025\/08\/1.png\u00bb title_text=\u00bb1&#8243; _builder_version=\u00bb4.27.4&#8243; _module_preset=\u00bbdefault\u00bb custom_margin=\u00bb||4px|||\u00bb global_colors_info=\u00bb{}\u00bb][\/et_pb_image][et_pb_text _builder_version=\u00bb4.27.4&#8243; _module_preset=\u00bbdefault\u00bb global_colors_info=\u00bb{}\u00bb]<\/p>\n<ul>\n<li>\n<table border=\"1\" style=\"border-collapse: collapse; width: 100%;\">\n<tbody>\n<tr>\n<td style=\"width: 30%;\"><strong>GarroMel<\/strong><\/td>\n<td style=\"width: 80%;\"><strong>Melaza ecol\u00f3gica de algarroba<\/strong>: Densa, dulce y llena de minerales. Ideal para postres, infusiones, recetas saludables o como alternativa al az\u00facar. <\/td>\n<\/tr>\n<tr>\n<td style=\"width: 30%;\"><strong>GarroFarina <\/strong><\/td>\n<td style=\"width: 80%;\">\n<p><strong>Harina integral de algarroba tostada<\/strong>: ideal para cocinar pan, galletas, pasteles o como superalimento mezclada con cereales.<\/p>\n<ul><\/ul>\n<\/td>\n<\/tr>\n<tr>\n<strong><\/p>\n<td style=\"width: 30%;\">GarroCau <\/td>\n<p><\/strong><\/p>\n<td style=\"width: 80%;\"><strong>Harina fina de algarroba tostada:<\/strong> perfecta para elaborar bebidas y cremas<\/td>\n<\/tr>\n<tr>\n<td style=\"width: 30%;\"><strong style=\"font-size: 14px;\">GarroBirra<\/strong><\/td>\n<td style=\"width: 80%;\"><strong>Cerveza artesanal de algarroba<\/strong>. Estilo M\u00e4rzen \/ Amber Ale <\/td>\n<\/tr>\n<\/tbody>\n<\/table>\n<\/li>\n<\/ul>\n<ul><\/ul>\n<p>.<\/p>\n<p>[\/et_pb_text][\/et_pb_column][\/et_pb_row][et_pb_row _builder_version=\u00bb4.27.4&#8243; _module_preset=\u00bbdefault\u00bb custom_margin=\u00bb15px|auto||auto||\u00bb custom_padding=\u00bb0px|||||\u00bb global_colors_info=\u00bb{}\u00bb][et_pb_column type=\u00bb4_4&#8243; _builder_version=\u00bb4.27.4&#8243; _module_preset=\u00bbdefault\u00bb global_colors_info=\u00bb{}\u00bb][et_pb_text _builder_version=\u00bb4.27.4&#8243; _module_preset=\u00bbdefault\u00bb global_colors_info=\u00bb{}\u00bb]<\/p>\n<h3 style=\"text-align: center;\"><strong>Compra f\u00e1cil, comprometida y 100% nuestra<\/strong><\/h3>\n<p style=\"text-align: center;\">Recogida en el Econau o env\u00edo (seg\u00fan zona). Pago seguro. Precios sin IVA.  <br \/><span> <\/span> Productos con alma y valores<\/p>\n<p style=\"text-align: center;\">Si eres un profesional o un grupo de consumo, p\u00eddenos el cat\u00e1logo profesional <\/p>\n<p style=\"text-align: center;\">\n<p>[\/et_pb_text][\/et_pb_column][\/et_pb_row][et_pb_row _builder_version=\u00bb4.27.4&#8243; _module_preset=\u00bbdefault\u00bb global_colors_info=\u00bb{}\u00bb][et_pb_column type=\u00bb4_4&#8243; _builder_version=\u00bb4.27.4&#8243; _module_preset=\u00bbdefault\u00bb global_colors_info=\u00bb{}\u00bb][et_pb_shop _builder_version=\u00bb4.27.4&#8243; _module_preset=\u00bbdefault\u00bb title_text_align=\u00bbright\u00bb price_text_align=\u00bbright\u00bb global_colors_info=\u00bb{}\u00bb][\/et_pb_shop][\/et_pb_column][\/et_pb_row][\/et_pb_section][et_pb_section fb_built=\u00bb1&#8243; admin_label=\u00bbFAQ\u00bb _builder_version=\u00bb4.23.2&#8243; _module_preset=\u00bbdefault\u00bb min_height=\u00bb630.8px\u00bb collapsed=\u00bbon\u00bb global_colors_info=\u00bb{}\u00bb][et_pb_row _builder_version=\u00bb4.23.2&#8243; _module_preset=\u00bbdefault\u00bb custom_margin=\u00bb-46px|auto||auto||\u00bb custom_padding=\u00bb||0px|||\u00bb global_colors_info=\u00bb{}\u00bb][et_pb_column type=\u00bb4_4&#8243; _builder_version=\u00bb4.23.2&#8243; _module_preset=\u00bbdefault\u00bb global_colors_info=\u00bb{}\u00bb][et_pb_text _builder_version=\u00bb4.27.4&#8243; _module_preset=\u00bbf3e321b8-af80-4f3f-a45f-f128ab98eb31&#8243; text_orientation=\u00bbcenter\u00bb custom_margin=\u00bb||10px||false|false\u00bb global_colors_info=\u00bb{}\u00bb]<\/p>\n<h2>\u00bfD\u00f3nde puedes encontrarnos?<\/h2>\n<p>&nbsp;<\/p>\n<p>[\/et_pb_text][\/et_pb_column][\/et_pb_row][et_pb_row column_structure=\u00bb1_2,1_2&#8243; _builder_version=\u00bb4.27.4&#8243; _module_preset=\u00bbdefault\u00bb global_colors_info=\u00bb{}\u00bb][et_pb_column type=\u00bb1_2&#8243; _builder_version=\u00bb4.27.4&#8243; _module_preset=\u00bbdefault\u00bb global_colors_info=\u00bb{}\u00bb][et_pb_text _builder_version=\u00bb4.27.4&#8243; _module_preset=\u00bbdefault\u00bb text_font_size=\u00bb17px\u00bb global_colors_info=\u00bb{}\u00bb]<\/p>\n<p data-start=\"783\" data-end=\"809\" class=\"\"><strong data-start=\"783\" data-end=\"809\">Econau, L&#8217;Ametlla de Mar<\/strong><\/p>\n<ul>\n<li data-start=\"783\" data-end=\"809\"><a href=\"https:\/\/maps.app.goo.gl\/1fb8pa3dDkmvE1MT6\" target=\"_blank\" rel=\"noopener\">Mapa<\/a><\/li>\n<li data-start=\"783\" data-end=\"809\">Coordenades: 40.88142711809317, 0.766331628298013<\/li>\n<\/ul>\n<p data-start=\"783\" data-end=\"809\" class=\"\"><strong data-start=\"783\" data-end=\"809\"><\/strong><\/p>\n<p data-start=\"783\" data-end=\"809\" class=\"\"><strong data-start=\"783\" data-end=\"809\">\ud83d\udecd\ufe0f Tiendas f\u00edsicas donde puedes encontrar nuestros productos:<\/strong><\/p>\n<ul data-start=\"810\" data-end=\"929\">\n<li data-start=\"810\" data-end=\"883\" class=\"\">\n<p data-start=\"812\" data-end=\"883\" class=\"\"><a data-start=\"812\" data-end=\"883\" rel=\"noopener\" target=\"_blank\" href=\"https:\/\/www.facebook.com\/terrabotiga\/\">Botiga Terra<\/a>, L&#8217;Ametlla de Mar<\/p>\n<\/li>\n<li data-start=\"810\" data-end=\"883\" class=\"\">\n<div class=\"refidno opacitymedium\"><a href=\"https:\/\/www.instagram.com\/arrelsfruitesverdures\/\" target=\"_blank\" rel=\"noopener\">Arrels fruites, verdures i m\u00e9s, <\/a>El Perell\u00f3<\/div>\n<\/li>\n<li data-start=\"884\" data-end=\"929\" class=\"\">\n<p data-start=\"886\" data-end=\"929\" class=\"\"><a data-start=\"886\" data-end=\"929\" rel=\"noopener\" target=\"_blank\" href=\"https:\/\/www.somebre.org\">Enlla\u00e7 de l\u2019Ebre,<\/a> Terres de l&#8217;Ebre<\/p>\n<\/li>\n<li data-start=\"884\" data-end=\"929\" class=\"\"><a href=\"www.permaculturapenyaflor.org\">Permacultura Penyaflor<\/a>, Aldover<\/li>\n<li data-start=\"884\" data-end=\"929\" class=\"\"><a href=\"https:\/\/elbrot.cat\/qui-som\/\">Botiga El Brot<\/a>, Reus<\/li>\n<li data-start=\"884\" data-end=\"929\" class=\"\"><a href=\"https:\/\/www.instagram.com\/originaal_delta\/\">Originaal Delta<\/a>, Parada 39 del Mercat d&#8217;Amposta<\/li>\n<\/ul>\n<p data-start=\"931\" data-end=\"953\" class=\"\"><strong data-start=\"931\" data-end=\"953\">\ud83c\udfaa Pr\u00f3ximas Ferias:<\/strong><\/p>\n<ul data-start=\"954\" data-end=\"1109\">\n<li data-start=\"954\" data-end=\"1005\" class=\"\">\n<p data-start=\"956\" data-end=\"1005\" class=\"\">FESS rural, Bot, 29 de noviembre<\/p>\n<\/li>\n<li data-start=\"954\" data-end=\"1005\" class=\"\">Feria de Navidad de L&#8217;Ametlla de Mar, 6-7-8 de diciembre<\/li>\n<li data-start=\"1068\" data-end=\"1109\" class=\"\">Feria de Santa Llucia, Amposta, 13 i 14 de diciembre<\/li>\n<\/ul>\n<p>[\/et_pb_text][\/et_pb_column][et_pb_column type=\u00bb1_2&#8243; _builder_version=\u00bb4.27.4&#8243; _module_preset=\u00bbdefault\u00bb global_colors_info=\u00bb{}\u00bb][et_pb_image src=\u00bbhttps:\/\/econau.org\/wp-content\/uploads\/2025\/07\/mapa.png\u00bb title_text=\u00bbmapa\u00bb _builder_version=\u00bb4.27.4&#8243; _module_preset=\u00bbdefault\u00bb global_colors_info=\u00bb{}\u00bb][\/et_pb_image][\/et_pb_column][\/et_pb_row][\/et_pb_section][et_pb_section fb_built=\u00bb1&#8243; _builder_version=\u00bb4.27.4&#8243; _module_preset=\u00bbdefault\u00bb global_colors_info=\u00bb{}\u00bb][et_pb_row _builder_version=\u00bb4.27.4&#8243; _module_preset=\u00bbdefault\u00bb global_colors_info=\u00bb{}\u00bb][et_pb_column type=\u00bb4_4&#8243; _builder_version=\u00bb4.27.4&#8243; _module_preset=\u00bbdefault\u00bb global_colors_info=\u00bb{}\u00bb][\/et_pb_column][\/et_pb_row][\/et_pb_section]<\/p>\n","protected":false},"excerpt":{"rendered":"<p>TiendaDescubre nuestra selecci\u00f3n de productos elaborados con algarroba ecol\u00f3gica e ingredientes locales. Sabor, sostenibilidad y salud al servicio del territorio.Nuestros productos ecol\u00f3gicos &nbsp; Aqu\u00ed no s\u00f3lo compras productos, sino que te llevas territorio, conciencia y calidad ecol\u00f3gica. Desde el Mol\u00ed del Mar, te ofrecemos elaboraciones artesanales a base de algarroba y otros tesoros de la [&hellip;]<\/p>\n","protected":false},"author":3,"featured_media":0,"parent":0,"menu_order":0,"comment_status":"closed","ping_status":"closed","template":"","meta":{"_et_pb_use_builder":"on","_et_pb_old_content":"","_et_gb_content_width":"","footnotes":""},"class_list":["post-404","page","type-page","status-publish","hentry"],"_links":{"self":[{"href":"https:\/\/econau.org\/es\/wp-json\/wp\/v2\/pages\/404","targetHints":{"allow":["GET"]}}],"collection":[{"href":"https:\/\/econau.org\/es\/wp-json\/wp\/v2\/pages"}],"about":[{"href":"https:\/\/econau.org\/es\/wp-json\/wp\/v2\/types\/page"}],"author":[{"embeddable":true,"href":"https:\/\/econau.org\/es\/wp-json\/wp\/v2\/users\/3"}],"replies":[{"embeddable":true,"href":"https:\/\/econau.org\/es\/wp-json\/wp\/v2\/comments?post=404"}],"version-history":[{"count":15,"href":"https:\/\/econau.org\/es\/wp-json\/wp\/v2\/pages\/404\/revisions"}],"predecessor-version":[{"id":1303,"href":"https:\/\/econau.org\/es\/wp-json\/wp\/v2\/pages\/404\/revisions\/1303"}],"wp:attachment":[{"href":"https:\/\/econau.org\/es\/wp-json\/wp\/v2\/media?parent=404"}],"curies":[{"name":"wp","href":"https:\/\/api.w.org\/{rel}","templated":true}]}}