{"id":417,"date":"2025-05-14T09:48:11","date_gmt":"2025-05-14T09:48:11","guid":{"rendered":"https:\/\/econau.org\/lobrador\/"},"modified":"2025-07-15T09:27:01","modified_gmt":"2025-07-15T09:27:01","slug":"lobrador","status":"publish","type":"page","link":"https:\/\/econau.org\/es\/lobrador\/","title":{"rendered":"L&#8217;OBRADOR"},"content":{"rendered":"<p>[et_pb_section fb_built=\u00bb1&#8243; admin_label=\u00bbCommunity\u00bb _builder_version=\u00bb4.23.2&#8243; _module_preset=\u00bbdefault\u00bb locked=\u00bboff\u00bb collapsed=\u00bbon\u00bb global_colors_info=\u00bb{}\u00bb][et_pb_row _builder_version=\u00bb4.24.2&#8243; _module_preset=\u00bbdefault\u00bb locked=\u00bboff\u00bb global_colors_info=\u00bb{}\u00bb][et_pb_column type=\u00bb4_4&#8243; _builder_version=\u00bb4.23.2&#8243; _module_preset=\u00bbdefault\u00bb global_colors_info=\u00bb{}\u00bb][et_pb_text _builder_version=\u00bb4.27.4&#8243; _module_preset=\u00bb1a8c6240-5c79-4150-97ee-8056a11a7ca5&#8243; header_text_color=\u00bbgcid-0a70bcaa-1736-40e0-9723-4fb88b8b6694&#8243; text_orientation=\u00bbcenter\u00bb hover_enabled=\u00bb0&#8243; global_colors_info=\u00bb{%22gcid-0a70bcaa-1736-40e0-9723-4fb88b8b6694%22:%91%22header_text_color%22%93}\u00bb sticky_enabled=\u00bb0&#8243;]<\/p>\n<h1 style=\"text-align: left;\">Obrador compartido<\/h1>\n<p>[\/et_pb_text][\/et_pb_column][\/et_pb_row][et_pb_row _builder_version=\u00bb4.23.2&#8243; _module_preset=\u00bbdefault\u00bb global_colors_info=\u00bb{}\u00bb][et_pb_column type=\u00bb4_4&#8243; _builder_version=\u00bb4.23.2&#8243; _module_preset=\u00bbdefault\u00bb global_colors_info=\u00bb{}\u00bb][et_pb_text _builder_version=\u00bb4.27.4&#8243; _module_preset=\u00bbdefault\u00bb text_font_size=\u00bb19px\u00bb text_line_height=\u00bb1.8em\u00bb hover_enabled=\u00bb0&#8243; sticky_enabled=\u00bb0&#8243;]<\/p>\n<h2><strong>T<\/strong><strong>ransforma tus productos con valor a\u00f1adido<\/strong><\/h2>\n<p>Desde la <strong>primavera de 2024<\/strong>, ponemos a disposici\u00f3n de nuestros socios -peque\u00f1os productores, aut\u00f3nomos, peque\u00f1as empresas y particulares- un <strong>obrador compartido<\/strong> para transformar productos de proximidad.<\/p>\n<p>Se trata de un <strong>OBRADOR VEGETAL, SIN GLUTEN y con CERTIFICACI\u00d3N ECOL\u00d3GICA,<\/strong> ideal para elaborar productos derivados de la<strong> algarroba, los frutos secos, la aceituna y otros cultivos locales<\/strong>. Una herramienta que te ayuda a <strong>revalorizar tu producci\u00f3n<\/strong> y <strong>hacerla m\u00e1s rentable<\/strong>. <\/p>\n<p>El obrador est\u00e1 ubicado dentro de un <strong>espacio de 100 m\u00b2 totalmente equipado<\/strong>, con:<\/p>\n<ul>\n<li>Zona de cocci\u00f3n con cocina de gas de 4 fogones y horno<\/li>\n<li>\u00c1rea de elaboraci\u00f3n y manipulaci\u00f3n de pedidos<\/li>\n<li>Espacio de descanso para las trabajadoras<\/li>\n<li>Zona sucia con fregadero doble, aseo y ducha<\/li>\n<li>Espacio de <em>show cooking<\/em> y exposici\u00f3n de productos<\/li>\n<li>Estanter\u00edas y un gran ventanal que llena el espacio de luz natural<\/li>\n<\/ul>\n<p><strong>\u00bfQuieres utilizarlo?<\/strong> \u00a1Consulta las condiciones de uso y tarifas, y contacta con nosotros para empezar!<\/p>\n<p><strong><\/strong><\/p>\n<p>[\/et_pb_text][et_pb_text _builder_version=\u00bb4.27.4&#8243; _module_preset=\u00bbdefault\u00bb text_font_size=\u00bb19px\u00bb text_line_height=\u00bb1.8em\u00bb hover_enabled=\u00bb0&#8243; sticky_enabled=\u00bb0&#8243;]<\/p>\n<h2><strong>\u00bfC\u00f3mo funciona un obrador compartido?<\/strong><\/h2>\n<p><iframe loading=\"lazy\" title=\"Obradors Compartits\" src=\"https:\/\/player.vimeo.com\/video\/842668586?dnt=1&amp;app_id=122963\" width=\"1080\" height=\"608\" frameborder=\"0\" allow=\"autoplay; fullscreen; picture-in-picture; clipboard-write; encrypted-media; web-share\"><\/iframe><\/p>\n<p><iframe loading=\"lazy\" title=\"Obradors agroalimentaris compartits\" width=\"1080\" height=\"608\" src=\"https:\/\/www.youtube.com\/embed\/lmerXAx2UMc?feature=oembed\"  allow=\"accelerometer; autoplay; clipboard-write; encrypted-media; gyroscope; picture-in-picture; web-share\" referrerpolicy=\"strict-origin-when-cross-origin\" allowfullscreen><\/iframe><\/p>\n<p><iframe loading=\"lazy\" title=\"Obradors agroqu\u00e8?\" src=\"https:\/\/player.vimeo.com\/video\/1029543264?dnt=1&amp;app_id=122963\" width=\"1080\" height=\"608\" frameborder=\"0\" allow=\"autoplay; fullscreen; picture-in-picture; clipboard-write; encrypted-media; web-share\"><\/iframe><\/p>\n<p>&nbsp;<\/p>\n<p>[\/et_pb_text][\/et_pb_column][\/et_pb_row][\/et_pb_section][et_pb_section fb_built=\u00bb1&#8243; admin_label=\u00bbAbout\u00bb _builder_version=\u00bb4.23.2&#8243; _module_preset=\u00bbdefault\u00bb locked=\u00bboff\u00bb collapsed=\u00bbon\u00bb global_colors_info=\u00bb{}\u00bb][et_pb_row column_structure=\u00bb1_2,1_2&#8243; _builder_version=\u00bb4.27.4&#8243; _module_preset=\u00bbdefault\u00bb hover_enabled=\u00bb0&#8243; global_colors_info=\u00bb{}\u00bb sticky_enabled=\u00bb0&#8243;][et_pb_column type=\u00bb1_2&#8243; _builder_version=\u00bb4.23.2&#8243; _module_preset=\u00bbdefault\u00bb global_colors_info=\u00bb{}\u00bb][et_pb_text _builder_version=\u00bb4.27.4&#8243; _module_preset=\u00bbed8af5e2-682c-42c1-8960-dbe16003fdc5&#8243; custom_margin=\u00bb||10px||false|false\u00bb hover_enabled=\u00bb0&#8243; global_colors_info=\u00bb{}\u00bb text_font_size=\u00bb19px\u00bb text_line_height=\u00bb1.8em\u00bb sticky_enabled=\u00bb0&#8243;]<\/p>\n<h2>HORARIOS<\/h2>\n<p><a href=\"&lt;script%20src=%22https:\/\/cdn.supersaas.net\/widget.js%22&gt;&lt;\/script&gt;&lt;script%20class=%22supersaas-widget%22&gt;var%20supersaas_737474%20=%20new%20SuperSaaS(%22534217:Econau%22,%22737474:Obrador_Econau%22,%7B%22view%22:%22week%22,%22menu%22:%22show%22,%22domain%22:%22www.supersaas.es%22%7D)&lt;\/script&gt;&lt;!--%20Bot%C3%B3n%20emergente%20--&gt;%20&lt;p&gt;%20&lt;button%20style=%22background-color:#ffffff;border-radius:10px;border:2px%20solid%20#664712;color:#695010;font-family:Arial,sans-serif;font-size:17px;font-weight:normal;padding:9px%2022px;%22%20onclick=%22supersaas_737474.show()%22&gt;&lt;svg%20xmlns=%22http:\/\/www.w3.org\/2000\/svg%22%20height=%220.9em%22%20fill=%22currentColor%22%20viewBox=%220%200%20448%20512%22&gt;&lt;path%20d=%22M128%200c17.7%200%2032%2014.3%2032%2032l0%2032%20128%200%200-32c0-17.7%2014.3-32%2032-32s32%2014.3%2032%2032l0%2032%2048%200c26.5%200%2048%2021.5%2048%2048l0%2048L0%20160l0-48C0%2085.5%2021.5%2064%2048%2064l48%200%200-32c0-17.7%2014.3-32%2032-32zM0%20192l448%200%200%20272c0%2026.5-21.5%2048-48%2048L48%20512c-26.5%200-48-21.5-48-48L0%20192zm64%2080l0%2032c0%208.8%207.2%2016%2016%2016l32%200c8.8%200%2016-7.2%2016-16l0-32c0-8.8-7.2-16-16-16l-32%200c-8.8%200-16%207.2-16%2016zm128%200l0%2032c0%208.8%207.2%2016%2016%2016l32%200c8.8%200%2016-7.2%2016-16l0-32c0-8.8-7.2-16-16-16l-32%200c-8.8%200-16%207.2-16%2016zm144-16c-8.8%200-16%207.2-16%2016l0%2032c0%208.8%207.2%2016%2016%2016l32%200c8.8%200%2016-7.2%2016-16l0-32c0-8.8-7.2-16-16-16l-32%200zM64%20400l0%2032c0%208.8%207.2%2016%2016%2016l32%200c8.8%200%2016-7.2%2016-16l0-32c0-8.8-7.2-16-16-16l-32%200c-8.8%200-16%207.2-16%2016zm144-16c-8.8%200-16%207.2-16%2016l0%2032c0%208.8%207.2%2016%2016%2016l32%200c8.8%200%2016-7.2%2016-16l0-32c0-8.8-7.2-16-16-16l-32%200zm112%2016l0%2032c0%208.8%207.2%2016%2016%2016l32%200c8.8%200%2016-7.2%2016-16l0-32c0-8.8-7.2-16-16-16l-32%200c-8.8%200-16%207.2-16%2016z%22&gt;&lt;\/path&gt;&lt;\/svg&gt;%20&nbsp;Reservar%20ahora&lt;\/button&gt;%20&lt;\/p&gt;%20\">\u21d2Consulta el planning aqu\u00ed.\u21d0<\/a><\/p>\n<p>[\/et_pb_text][et_pb_text _builder_version=\u00bb4.27.4&#8243; _module_preset=\u00bbdefault\u00bb hover_enabled=\u00bb0&#8243; sticky_enabled=\u00bb0&#8243;]<script src=\"https:\/\/cdn.supersaas.net\/widget.js\"><\/script><script class=\"supersaas-widget\">var supersaas_737474 = new SuperSaaS(\"534217:Econau\",\"737474:Obrador_Econau\",{\"view\":\"week\",\"menu\":\"show\",\"domain\":\"www.supersaas.es\"})<\/script><!-- Bot\u00f3n emergente --><\/p>\n<p>\n    <button style=\"background-color:#ffffff;border-radius:10px;border:2px solid #664712;color:#695010;font-family:Arial,sans-serif;font-size:17px;font-weight:normal;padding:9px 22px;\" onclick=\"supersaas_737474.show()\"><svg xmlns=\"http:\/\/www.w3.org\/2000\/svg\" height=\"0.9em\" fill=\"currentColor\" viewbox=\"0 0 448 512\"><path d=\"M128 0c17.7 0 32 14.3 32 32l0 32 128 0 0-32c0-17.7 14.3-32 32-32s32 14.3 32 32l0 32 48 0c26.5 0 48 21.5 48 48l0 48L0 160l0-48C0 85.5 21.5 64 48 64l48 0 0-32c0-17.7 14.3-32 32-32zM0 192l448 0 0 272c0 26.5-21.5 48-48 48L48 512c-26.5 0-48-21.5-48-48L0 192zm64 80l0 32c0 8.8 7.2 16 16 16l32 0c8.8 0 16-7.2 16-16l0-32c0-8.8-7.2-16-16-16l-32 0c-8.8 0-16 7.2-16 16zm128 0l0 32c0 8.8 7.2 16 16 16l32 0c8.8 0 16-7.2 16-16l0-32c0-8.8-7.2-16-16-16l-32 0c-8.8 0-16 7.2-16 16zm144-16c-8.8 0-16 7.2-16 16l0 32c0 8.8 7.2 16 16 16l32 0c8.8 0 16-7.2 16-16l0-32c0-8.8-7.2-16-16-16l-32 0zM64 400l0 32c0 8.8 7.2 16 16 16l32 0c8.8 0 16-7.2 16-16l0-32c0-8.8-7.2-16-16-16l-32 0c-8.8 0-16 7.2-16 16zm144-16c-8.8 0-16 7.2-16 16l0 32c0 8.8 7.2 16 16 16l32 0c8.8 0 16-7.2 16-16l0-32c0-8.8-7.2-16-16-16l-32 0zm112 16l0 32c0 8.8 7.2 16 16 16l32 0c8.8 0 16-7.2 16-16l0-32c0-8.8-7.2-16-16-16l-32 0c-8.8 0-16 7.2-16 16z\"><\/path><\/path><\/svg> &nbsp;Reservar ahora<\/button>\n<\/p>\n<p>[\/et_pb_text][\/et_pb_column][et_pb_column type=\u00bb1_2&#8243; _builder_version=\u00bb4.23.2&#8243; _module_preset=\u00bbdefault\u00bb global_colors_info=\u00bb{}\u00bb][et_pb_text _builder_version=\u00bb4.27.4&#8243; _module_preset=\u00bbed8af5e2-682c-42c1-8960-dbe16003fdc5&#8243; custom_margin=\u00bb||10px||false|false\u00bb hover_enabled=\u00bb0&#8243; global_colors_info=\u00bb{}\u00bb text_font_size=\u00bb19px\u00bb text_line_height=\u00bb1.8em\u00bb sticky_enabled=\u00bb0&#8243;]<\/p>\n<h2>PRECIOS <\/h2>\n<p>Ofrecemos dos tipolog\u00edas de cuotas y precio\/hora:<\/p>\n<ul>\n<li><strong>Uso continuo<\/strong>: Por una cuota anual de 500\u20ac, el precio\/hora de uso del obrador es de 6\u20ac\/hora, con espacio en el almac\u00e9n de 1m3 y el consumo de luz, agua y gas incluido.<\/li>\n<li><strong>Uso puntual<\/strong>: Por una cuota anual de 200\u20ac, el precio\/hora es de 12\u20ac\/hora. Tambi\u00e9n se ofrece la opci\u00f3n de un bono de 10 horas por 100\u20ac. Incluye luna, agua y gas.  <\/li>\n<\/ul>\n<p>[\/et_pb_text][\/et_pb_column][\/et_pb_row][\/et_pb_section]<\/p>\n","protected":false},"excerpt":{"rendered":"<p>Obrador compartidoTransforma tus productos con valor a\u00f1adido Desde la primavera de 2024, ponemos a disposici\u00f3n de nuestros socios -peque\u00f1os productores, aut\u00f3nomos, peque\u00f1as empresas y particulares- un obrador compartido para transformar productos de proximidad. Se trata de un OBRADOR VEGETAL, SIN GLUTEN y con CERTIFICACI\u00d3N ECOL\u00d3GICA, ideal para elaborar productos derivados de la algarroba, los frutos [&hellip;]<\/p>\n","protected":false},"author":3,"featured_media":0,"parent":0,"menu_order":0,"comment_status":"closed","ping_status":"closed","template":"","meta":{"_et_pb_use_builder":"on","_et_pb_old_content":"","_et_gb_content_width":"","footnotes":""},"class_list":["post-417","page","type-page","status-publish","hentry"],"_links":{"self":[{"href":"https:\/\/econau.org\/es\/wp-json\/wp\/v2\/pages\/417","targetHints":{"allow":["GET"]}}],"collection":[{"href":"https:\/\/econau.org\/es\/wp-json\/wp\/v2\/pages"}],"about":[{"href":"https:\/\/econau.org\/es\/wp-json\/wp\/v2\/types\/page"}],"author":[{"embeddable":true,"href":"https:\/\/econau.org\/es\/wp-json\/wp\/v2\/users\/3"}],"replies":[{"embeddable":true,"href":"https:\/\/econau.org\/es\/wp-json\/wp\/v2\/comments?post=417"}],"version-history":[{"count":1,"href":"https:\/\/econau.org\/es\/wp-json\/wp\/v2\/pages\/417\/revisions"}],"predecessor-version":[{"id":420,"href":"https:\/\/econau.org\/es\/wp-json\/wp\/v2\/pages\/417\/revisions\/420"}],"wp:attachment":[{"href":"https:\/\/econau.org\/es\/wp-json\/wp\/v2\/media?parent=417"}],"curies":[{"name":"wp","href":"https:\/\/api.w.org\/{rel}","templated":true}]}}