{"id":421,"date":"2025-05-14T09:39:18","date_gmt":"2025-05-14T09:39:18","guid":{"rendered":"https:\/\/econau.org\/comunidad-corresponsable\/"},"modified":"2025-07-15T09:27:01","modified_gmt":"2025-07-15T09:27:01","slug":"comunidad-corresponsable","status":"publish","type":"page","link":"https:\/\/econau.org\/es\/comunidad-corresponsable\/","title":{"rendered":"COMUNIDAD CORRESPONSABLE"},"content":{"rendered":"<p>[et_pb_section fb_built=\u00bb1&#8243; admin_label=\u00bbCommunity\u00bb _builder_version=\u00bb4.23.2&#8243; _module_preset=\u00bbdefault\u00bb locked=\u00bboff\u00bb collapsed=\u00bbon\u00bb global_colors_info=\u00bb{}\u00bb][et_pb_row _builder_version=\u00bb4.24.2&#8243; _module_preset=\u00bbdefault\u00bb locked=\u00bboff\u00bb global_colors_info=\u00bb{}\u00bb][et_pb_column type=\u00bb4_4&#8243; _builder_version=\u00bb4.23.2&#8243; _module_preset=\u00bbdefault\u00bb global_colors_info=\u00bb{}\u00bb][et_pb_text _builder_version=\u00bb4.27.4&#8243; _module_preset=\u00bbc0ce4143-8edb-4eef-9f6e-6cb406e66847&#8243; header_text_color=\u00bbgcid-0a70bcaa-1736-40e0-9723-4fb88b8b6694&#8243; text_orientation=\u00bbcenter\u00bb hover_enabled=\u00bb0&#8243; global_colors_info=\u00bb{%22gcid-0a70bcaa-1736-40e0-9723-4fb88b8b6694%22:%91%22header_text_color%22%93}\u00bb sticky_enabled=\u00bb0&#8243;]<\/p>\n<h1 style=\"text-align: left;\">Comunidad corresponsable<\/h1>\n<p>[\/et_pb_text][\/et_pb_column][\/et_pb_row][et_pb_row _builder_version=\u00bb4.23.2&#8243; _module_preset=\u00bbdefault\u00bb global_colors_info=\u00bb{}\u00bb][et_pb_column type=\u00bb4_4&#8243; _builder_version=\u00bb4.23.2&#8243; _module_preset=\u00bbdefault\u00bb global_colors_info=\u00bb{}\u00bb][et_pb_text _builder_version=\u00bb4.27.4&#8243; _module_preset=\u00bbdefault\u00bb text_font_size=\u00bb19px\u00bb text_line_height=\u00bb1.8em\u00bb hover_enabled=\u00bb0&#8243; sticky_enabled=\u00bb0&#8243;]<\/p>\n<p>La <strong>Comunidad Corresponsable<\/strong> es mucho m\u00e1s que una forma de consumir: es una forma de <strong>comprometernos juntas con la tierra y con quien la cultiva.<\/strong><\/p>\n<p>Nos inspiramos en modelos de consumo \u00e9tico como las <strong>AMAP<\/strong> (Francia), los <strong>GAS\/GAP<\/strong> (Italia) o las <strong>CSA<\/strong> (EEUU), en los que productoras y consumidoras comparten responsabilidad, riesgos y frutos en torno a un proyecto agr\u00edcola. Es una forma concreta de garantizar la <strong>r<\/strong>esiliencia de las peque\u00f1as productoras de productos ecol\u00f3gicos, locales y sostenibles, <strong>tejiendo v\u00ednculos humanos y solidarios.<\/strong><\/p>\n<h3><strong>A partir de 2025&#8230; \u00a1nace nuestra Comunidad Corresponsable!<\/strong><\/h3>\n<p>Con una <strong>cuota anual justa y adaptada<\/strong> (individual, familiar o por empresas), formar\u00e1s parte de un sistema que:<\/p>\n<ul>\n<li>Te da acceso a <strong>lotes exclusivos de productos de temporada<\/strong><\/li>\n<li>Ofrece <strong>descuentos en productos y actividades<\/strong><\/li>\n<li>Te invita a <strong>participar activamente en el proyecto<\/strong>, si lo deseas, aportando tu mirada y capacidades<\/li>\n<\/ul>\n<p>Es una forma de <strong>dar apoyo real al territorio<\/strong>, a la agricultura con valores, ya una econom\u00eda m\u00e1s justa, sostenible y comunitaria.<\/p>\n<h3><strong>\u00a1\u00danete a la comunidad agroecol\u00f3gica del EcoNau!<\/strong><\/h3>\n<p>Env\u00edanos un correo a: info.econau@gmail.com<\/p>\n<h3><strong>Tipo de cuotas<\/strong><\/h3>\n<p>Para formar parte de la Comunidad Corresponsable del EcoNau, puedes elegir la cuota que mejor se adapte a ti:<\/p>\n<ul>\n<li><strong>Cuota Individual<\/strong>: pensada para personas que quieren implicarse y consumir de forma consciente y comprometida.<\/li>\n<li><strong>Cuota Familiar<\/strong>: ideal para hogares que desean acceder a lotes m\u00e1s completos y participar en actividades adaptadas a peque\u00f1os y mayores.<\/li>\n<li><strong>Quota per a Empreses o Col\u00b7lectius<\/strong>: adre\u00e7ada a projectes, restaurants, entitats o comer\u00e7os que aposten per una economia local i ecol\u00f2gica.<\/li>\n<\/ul>\n<p>Todas las cuotas incluyen ventajas en productos y actividades, contribuyendo directamente al sostenimiento del proyecto.<br \/><span> <\/span><strong>\u00a1Elige la tuya y s\u00e9 parte del cambio!<\/strong><\/p>\n<p>[\/et_pb_text][et_pb_button button_url=\u00bb@ET-DC@eyJkeW5hbWljIjp0cnVlLCJjb250ZW50IjoicG9zdF9saW5rX3VybF9wYWdlIiwic2V0dGluZ3MiOnsicG9zdF9pZCI6IjUwIn19@\u00bb button_text=\u00bb\u00a1HAZTE SOCIO!\u00bb _builder_version=\u00bb4.27.4&#8243; _dynamic_attributes=\u00bbbutton_url\u00bb _module_preset=\u00bb0847f104-f625-41e1-b9a7-52ade071f13f\u00bb hover_enabled=\u00bb0&#8243; global_colors_info=\u00bb{}\u00bb theme_builder_area=\u00bbpost_content\u00bb sticky_enabled=\u00bb0&#8243;][\/et_pb_button][\/et_pb_column][\/et_pb_row][\/et_pb_section]<\/p>\n","protected":false},"excerpt":{"rendered":"<p>Comunidad corresponsableLa Comunidad Corresponsable es mucho m\u00e1s que una forma de consumir: es una forma de comprometernos juntas con la tierra y con quien la cultiva. Nos inspiramos en modelos de consumo \u00e9tico como las AMAP (Francia), los GAS\/GAP (Italia) o las CSA (EEUU), en los que productoras y consumidoras comparten responsabilidad, riesgos y frutos [&hellip;]<\/p>\n","protected":false},"author":3,"featured_media":0,"parent":0,"menu_order":0,"comment_status":"closed","ping_status":"closed","template":"","meta":{"_et_pb_use_builder":"on","_et_pb_old_content":"","_et_gb_content_width":"","footnotes":""},"class_list":["post-421","page","type-page","status-publish","hentry"],"_links":{"self":[{"href":"https:\/\/econau.org\/es\/wp-json\/wp\/v2\/pages\/421","targetHints":{"allow":["GET"]}}],"collection":[{"href":"https:\/\/econau.org\/es\/wp-json\/wp\/v2\/pages"}],"about":[{"href":"https:\/\/econau.org\/es\/wp-json\/wp\/v2\/types\/page"}],"author":[{"embeddable":true,"href":"https:\/\/econau.org\/es\/wp-json\/wp\/v2\/users\/3"}],"replies":[{"embeddable":true,"href":"https:\/\/econau.org\/es\/wp-json\/wp\/v2\/comments?post=421"}],"version-history":[{"count":1,"href":"https:\/\/econau.org\/es\/wp-json\/wp\/v2\/pages\/421\/revisions"}],"predecessor-version":[{"id":424,"href":"https:\/\/econau.org\/es\/wp-json\/wp\/v2\/pages\/421\/revisions\/424"}],"wp:attachment":[{"href":"https:\/\/econau.org\/es\/wp-json\/wp\/v2\/media?parent=421"}],"curies":[{"name":"wp","href":"https:\/\/api.w.org\/{rel}","templated":true}]}}