{"id":479,"date":"2025-05-14T09:46:11","date_gmt":"2025-05-14T09:46:11","guid":{"rendered":"https:\/\/econau.org\/molino\/"},"modified":"2026-03-16T15:14:46","modified_gmt":"2026-03-16T15:14:46","slug":"molino","status":"publish","type":"page","link":"https:\/\/econau.org\/es\/molino\/","title":{"rendered":"MOLINO"},"content":{"rendered":"<p>[et_pb_section fb_built=\u00bb1&#8243; admin_label=\u00bbCommunity\u00bb _builder_version=\u00bb4.23.2&#8243; _module_preset=\u00bbdefault\u00bb locked=\u00bboff\u00bb collapsed=\u00bbon\u00bb global_colors_info=\u00bb{}\u00bb][et_pb_row _builder_version=\u00bb4.24.2&#8243; _module_preset=\u00bbdefault\u00bb locked=\u00bboff\u00bb global_colors_info=\u00bb{}\u00bb][et_pb_column type=\u00bb4_4&#8243; _builder_version=\u00bb4.23.2&#8243; _module_preset=\u00bbdefault\u00bb global_colors_info=\u00bb{}\u00bb][et_pb_text _builder_version=\u00bb4.27.4&#8243; _module_preset=\u00bb58c74299-a9c2-40a8-b535-47399f5be44a\u00bb header_text_color=\u00bbgcid-0a70bcaa-1736-40e0-9723-4fb88b8b6694&#8243; text_orientation=\u00bbcenter\u00bb global_colors_info=\u00bb{%22gcid-0a70bcaa-1736-40e0-9723-4fb88b8b6694%22:%91%22header_text_color%22%93}\u00bb]<\/p>\n<h1 style=\"text-align: left;\">MOL\u00cd<\/h1>\n<p>[\/et_pb_text][\/et_pb_column][\/et_pb_row][et_pb_row _builder_version=\u00bb4.24.2&#8243; _module_preset=\u00bbdefault\u00bb locked=\u00bboff\u00bb global_colors_info=\u00bb{}\u00bb][et_pb_column type=\u00bb4_4&#8243; _builder_version=\u00bb4.23.2&#8243; _module_preset=\u00bbdefault\u00bb global_colors_info=\u00bb{}\u00bb][et_pb_text _builder_version=\u00bb4.27.4&#8243; _module_preset=\u00bb58c74299-a9c2-40a8-b535-47399f5be44a\u00bb text_font_size=\u00bb9px\u00bb header_text_color=\u00bbgcid-0a70bcaa-1736-40e0-9723-4fb88b8b6694&#8243; text_orientation=\u00bbcenter\u00bb global_colors_info=\u00bb{%22gcid-0a70bcaa-1736-40e0-9723-4fb88b8b6694%22:%91%22header_text_color%22%93}\u00bb]<\/p>\n<h1 style=\"text-align: left;\">Actualidades<\/h1>\n<p>[\/et_pb_text][et_pb_text _builder_version=\u00bb4.27.4&#8243; _module_preset=\u00bbdefault\u00bb text_font_size=\u00bb19px\u00bb text_line_height=\u00bb1.8em\u00bb global_colors_info=\u00bb{}\u00bb]<\/p>\n<p><strong>Preu llotjes <\/strong>(19\/01\/2026)<\/p>\n<ul>\n<li>Baix Camp: 0,32\u20ac\/kg<\/li>\n<li>Tarragon\u00e8s: 0,35\u20ac\/kg<\/li>\n<li>Baix Ebre-Montsi\u00e0: 0,30\u20ac\/kg<\/li>\n<\/ul>\n<p>[\/et_pb_text][et_pb_code _builder_version=\u00bb4.27.4&#8243; _module_preset=\u00bbdefault\u00bb global_colors_info=\u00bb{}\u00bb raw_content__hover_enabled=\u00bbon|desktop\u00bb]<a href=\"https:\/\/agricultura.gencat.cat\/web\/.content\/de_departament\/de02_estadistiques_observatoris\/20_observatori_agroalimentari_de_preus\/03_preus\/01_preus_en_origen\/seguiment-mercat-internacional\/fitxers-binaris\/Garrofa.pdf\" target=\"_blank\" rel=\"noopener noreferrer\">Consulta los precios oficiales del mercado convencional en la Provincia<\/a>[\/et_pb_code][\/et_pb_column][\/et_pb_row][et_pb_row _builder_version=\u00bb4.24.2&#8243; _module_preset=\u00bbdefault\u00bb locked=\u00bboff\u00bb global_colors_info=\u00bb{}\u00bb][et_pb_column type=\u00bb4_4&#8243; _builder_version=\u00bb4.23.2&#8243; _module_preset=\u00bbdefault\u00bb global_colors_info=\u00bb{}\u00bb][et_pb_text _builder_version=\u00bb4.27.4&#8243; _module_preset=\u00bbdefault\u00bb global_colors_info=\u00bb{}\u00bb]<\/p>\n<p>&nbsp;<\/p>\n<p>El precio que se ha pagado la Campanya 2023-2024 ha sido de <strong>0,51\u20ac\/kg <\/strong>en convencional y de <strong>0,54\u20ac\/kg para cultivo con certificado ecologico.<\/strong><\/p>\n<p><strong>El precio definitivo de la campanya 2024-2025 se definir\u00e0 en agosto 2025.<\/strong><\/p>\n<p><strong>Opertura oficial campa\u00f1a 2025-2026: agosto-septiembre 2026.<\/strong><\/p>\n<p><strong>Si quieres traer algarrobas, <\/strong><\/p>\n<ol>\n<li>lee la <a href=\"https:\/\/econau.org\/guia-garrofa\/\"><strong>Gu\u00eda de la cosecha de algarroba<\/strong>: criterios de calidad, manejo cosecha y post-cosecha, entrega, precio, forma de pago,<\/a>  <\/li>\n<li>rellena el <a href=\"https:\/\/my.liberaforms.org\/conveni-garrofa\"><strong><u>formulario-convenio<\/u>,<\/strong><\/a><\/li>\n<li>y posteriormente <a href=\"https:\/\/www.supersaas.com\/schedule\/Econau\/Recepci%C3%B3_garrofa_Mol%C3%AD\"><strong>reservar un turno al molino<\/strong><\/a> para cada entrega. Consulta previamente. <\/li>\n<\/ol>\n<p>[\/et_pb_text][et_pb_text _builder_version=\u00bb4.27.4&#8243; _module_preset=\u00bbdefault\u00bb global_colors_info=\u00bb{}\u00bb]<\/p>\n<h3><strong>Horarios de abertura del molino para recepci\u00f3n de algarrobas<\/strong><\/h3>\n<p>Consultar<\/p>\n<p>[\/et_pb_text][et_pb_text _builder_version=\u00bb4.27.4&#8243; _module_preset=\u00bb58c74299-a9c2-40a8-b535-47399f5be44a\u00bb header_text_color=\u00bbgcid-0a70bcaa-1736-40e0-9723-4fb88b8b6694&#8243; text_orientation=\u00bbcenter\u00bb global_colors_info=\u00bb{%22gcid-0a70bcaa-1736-40e0-9723-4fb88b8b6694%22:%91%22header_text_color%22%93}\u00bb]<\/p>\n<h1 style=\"text-align: left;\">Primer molino de algarroba a Terres de l&#8217;ebre<\/h1>\n<p>[\/et_pb_text][et_pb_text _builder_version=\u00bb4.27.4&#8243; _module_preset=\u00bbdefault\u00bb text_font_size=\u00bb19px\u00bb text_line_height=\u00bb1.8em\u00bb global_colors_info=\u00bb{}\u00bb]<\/p>\n<p>En 2023 con Ayudas del PEAC el Plan Estrat\u00e9gico Alimentario de Catalu\u00f1a y con una microfinanciaci\u00f3n participativa, hemos habilitado la nave, comprado parte de la maquinaria necesaria y restaurado una maquina procesadora de Algarroba de 1940 fabricada por Salvador Baldrich de Reus.<\/p>\n<p><img loading=\"lazy\" decoding=\"async\" src=\"https:\/\/econau.org\/wp-content\/uploads\/2025\/07\/photo_2024-10-28_17-18-15-300x200.jpg\" width=\"300\" height=\"200\" alt=\"\" class=\"wp-image-274 alignnone size-medium\"><img loading=\"lazy\" decoding=\"async\" src=\"https:\/\/econau.org\/wp-content\/uploads\/2025\/07\/DSC_0937-1-300x200.jpg\" width=\"300\" height=\"200\" alt=\"\" class=\"wp-image-283 alignnone size-medium\"><img loading=\"lazy\" decoding=\"async\" src=\"https:\/\/econau.org\/wp-content\/uploads\/2025\/05\/1600-720-max-300x135.jpg\" width=\"444\" height=\"200\" alt=\"\" class=\"wp-image-127 alignnone size-medium\"><\/p>\n<p>Es la maquinaria necesaria para poder cubrir la primera parte del proceso de transformaci\u00f3n de la algarroba, en concreto, la parte de triturado de la algarroba y separaci\u00f3n del algarrobo y de la pulpa. Con su restauraci\u00f3n, recuperamos la historia rural, industrial y agroalimentaria de Catalu\u00f1a.  <\/p>\n<p>Secamos y asamos la pulpa triturada con un secador solar y un horno, antes de molirla con el molino antiendurecimiento. La tamizamos seg\u00fan el producto esperado y lo envasamos en varios formatos. <\/p>\n<p><em><img loading=\"lazy\" decoding=\"async\" src=\"https:\/\/econau.org\/wp-content\/uploads\/2025\/07\/Imagen-de-WhatsApp-2025-03-04-a-las-17.33.21_afdf655d-169x300.jpg\" width=\"169\" height=\"300\" alt=\"\" class=\"wp-image-237 alignnone size-medium\"> <img loading=\"lazy\" decoding=\"async\" src=\"https:\/\/econau.org\/wp-content\/uploads\/2025\/07\/Imagen-de-WhatsApp-2025-03-04-a-las-17.34.25_a7a0303b-169x300.jpg\" width=\"169\" height=\"300\" alt=\"\" class=\"wp-image-239 alignnone size-medium\"> <img loading=\"lazy\" decoding=\"async\" src=\"https:\/\/econau.org\/wp-content\/uploads\/2025\/07\/IMG_6986-300x225.jpg\" width=\"300\" height=\"225\" alt=\"\" class=\"wp-image-241 alignnone size-medium\" srcset=\"https:\/\/econau.org\/wp-content\/uploads\/2025\/07\/IMG_6986-300x225.jpg 300w, https:\/\/econau.org\/wp-content\/uploads\/2025\/07\/IMG_6986-1024x768.jpg 1024w, https:\/\/econau.org\/wp-content\/uploads\/2025\/07\/IMG_6986-768x576.jpg 768w, https:\/\/econau.org\/wp-content\/uploads\/2025\/07\/IMG_6986-1536x1152.jpg 1536w, https:\/\/econau.org\/wp-content\/uploads\/2025\/07\/IMG_6986-2048x1536.jpg 2048w, https:\/\/econau.org\/wp-content\/uploads\/2025\/07\/IMG_6986-510x382.jpg 510w, https:\/\/econau.org\/wp-content\/uploads\/2025\/07\/IMG_6986-1080x810.jpg 1080w, https:\/\/econau.org\/wp-content\/uploads\/2025\/07\/IMG_6986-1280x960.jpg 1280w, https:\/\/econau.org\/wp-content\/uploads\/2025\/07\/IMG_6986-980x735.jpg 980w, https:\/\/econau.org\/wp-content\/uploads\/2025\/07\/IMG_6986-480x360.jpg 480w, https:\/\/econau.org\/wp-content\/uploads\/2025\/07\/IMG_6986-600x450.jpg 600w\" sizes=\"(max-width: 300px) 100vw, 300px\" \/><img loading=\"lazy\" decoding=\"async\" src=\"https:\/\/econau.org\/wp-content\/uploads\/2025\/07\/photo_2024-12-15_19-21-38-200x300.jpg\" width=\"200\" height=\"300\" alt=\"\" class=\"wp-image-244 alignnone size-medium\"><\/em><\/p>\n<p>Secada al sol ya orillas del mar\u2026 calidad y proximidad gracias al Mol\u00ed del Mar!<\/p>\n<p>Apostar por la harina de algarroba significa elegir calidad y apoyar una iniciativa que valora la tradici\u00f3n y el futuro de la agricultura sostenible.<\/p>\n<p>&nbsp;<\/p>\n<p>[\/et_pb_text][\/et_pb_column][\/et_pb_row][et_pb_row _builder_version=\u00bb4.27.4&#8243; _module_preset=\u00bbdefault\u00bb global_colors_info=\u00bb{}\u00bb][et_pb_column type=\u00bb4_4&#8243; _builder_version=\u00bb4.27.4&#8243; _module_preset=\u00bbdefault\u00bb global_colors_info=\u00bb{}\u00bb][et_pb_video src=\u00bbhttps:\/\/www.youtube.com\/watch?v=C45-J35v4rg&amp;ab_channel=REconnectaT\u00bb _builder_version=\u00bb4.27.4&#8243; _module_preset=\u00bbdefault\u00bb global_colors_info=\u00bb{}\u00bb][\/et_pb_video][\/et_pb_column][\/et_pb_row][et_pb_row _builder_version=\u00bb4.27.4&#8243; _module_preset=\u00bbdefault\u00bb global_colors_info=\u00bb{}\u00bb][et_pb_column type=\u00bb4_4&#8243; _builder_version=\u00bb4.27.4&#8243; _module_preset=\u00bbdefault\u00bb global_colors_info=\u00bb{}\u00bb][et_pb_text _builder_version=\u00bb4.27.4&#8243; _module_preset=\u00bb58c74299-a9c2-40a8-b535-47399f5be44a\u00bb header_text_color=\u00bbgcid-0a70bcaa-1736-40e0-9723-4fb88b8b6694&#8243; text_orientation=\u00bbcenter\u00bb global_colors_info=\u00bb{%22gcid-0a70bcaa-1736-40e0-9723-4fb88b8b6694%22:%91%22header_text_color%22%93}\u00bb]<\/p>\n<h1 style=\"text-align: left;\">Productos<\/h1>\n<p>[\/et_pb_text][et_pb_text _builder_version=\u00bb4.27.4&#8243; _module_preset=\u00bbdefault\u00bb global_colors_info=\u00bb{}\u00bb]<\/p>\n<p>Consulta recetas con nuestros productos <a href=\"https:\/\/econau.org\/wp-content\/uploads\/2025\/08\/Receptari-CAT-2.pdf\" target=\"_blank\" rel=\"noopener\">aqu\u00ed<\/a><\/p>\n<p>[\/et_pb_text][\/et_pb_column][\/et_pb_row][et_pb_row column_structure=\u00bb1_3,1_3,1_3&#8243; use_custom_gutter=\u00bbon\u00bb gutter_width=\u00bb1&#8243; make_equal=\u00bbon\u00bb _builder_version=\u00bb4.27.4&#8243; _module_preset=\u00bbdefault\u00bb locked=\u00bboff\u00bb global_colors_info=\u00bb{}\u00bb][et_pb_column type=\u00bb1_3&#8243; _builder_version=\u00bb4.25.0&#8243; _module_preset=\u00bbdefault\u00bb background_color=\u00bb#f2f2f2&#8243; custom_padding=\u00bb30px|30px|30px|30px|true|true\u00bb custom_padding_tablet=\u00bb30px|30px|30px|30px|true|true\u00bb custom_padding_phone=\u00bb20px|20px|20px|20px|true|true\u00bb custom_padding_last_edited=\u00bbon|desktop\u00bb global_colors_info=\u00bb{}\u00bb][et_pb_text _builder_version=\u00bb4.27.4&#8243; _module_preset=\u00bbac20f719-6676-42d4-b1c0-6fc873e8922c\u00bb custom_margin=\u00bb||0px||false|false\u00bb global_colors_info=\u00bb{}\u00bb]<\/p>\n<h4>GarroFarina<\/h4>\n<p>[\/et_pb_text][et_pb_text _builder_version=\u00bb4.27.4&#8243; _module_preset=\u00bb967bad4b-c1e8-45ae-9b35-d2a550eee265&#8243; text_text_color=\u00bb#000000&#8243; global_colors_info=\u00bb{}\u00bb]<\/p>\n<p>Harina integral de algarroba, perfecta para aprovechar las fibras y el sabor de la algarroba en mil recetas.<\/p>\n<p>ECO \/ PNC<\/p>\n<p>300g, 600g, 5kg, 10kg<\/p>\n<p>&nbsp;<\/p>\n<p>[\/et_pb_text][\/et_pb_column][et_pb_column type=\u00bb1_3&#8243; _builder_version=\u00bb4.27.4&#8243; _module_preset=\u00bbdefault\u00bb background_enable_color=\u00bboff\u00bb custom_padding=\u00bb30px|30px|30px|30px|true|true\u00bb custom_padding_tablet=\u00bb30px|30px|30px|30px|true|true\u00bb custom_padding_phone=\u00bb20px|20px|20px|20px|true|true\u00bb custom_padding_last_edited=\u00bbon|desktop\u00bb global_colors_info=\u00bb{}\u00bb][et_pb_text _builder_version=\u00bb4.27.4&#8243; _module_preset=\u00bbac20f719-6676-42d4-b1c0-6fc873e8922c\u00bb custom_margin=\u00bb||0px||false|false\u00bb global_colors_info=\u00bb{}\u00bb]<\/p>\n<h4>GarroCau<\/h4>\n<p>[\/et_pb_text][et_pb_text _builder_version=\u00bb4.27.4&#8243; _module_preset=\u00bb967bad4b-c1e8-45ae-9b35-d2a550eee265&#8243; text_text_color=\u00bb#000000&#8243; global_colors_info=\u00bb{}\u00bb]<\/p>\n<p>Harina fina de algarroba, ideal para mezclar con l\u00edquidos para batidos, o deliciosas cremas.<\/p>\n<p>ECO \/ PNC<\/p>\n<p>200g, 400g, 5kg<\/p>\n<p>[\/et_pb_text][\/et_pb_column][et_pb_column type=\u00bb1_3&#8243; _builder_version=\u00bb4.23.2&#8243; _module_preset=\u00bbdefault\u00bb background_color=\u00bbgcid-cc026ee9-2dfb-4c5b-892b-7f86cd297fec\u00bb custom_padding=\u00bb30px|30px|30px|30px|true|true\u00bb custom_padding_tablet=\u00bb30px|30px|30px|30px|true|true\u00bb custom_padding_phone=\u00bb20px|20px|20px|20px|true|true\u00bb custom_padding_last_edited=\u00bbon|desktop\u00bb global_colors_info=\u00bb{%22gcid-cc026ee9-2dfb-4c5b-892b-7f86cd297fec%22:%91%22background_color%22%93}\u00bb][et_pb_text _builder_version=\u00bb4.27.4&#8243; _module_preset=\u00bbac20f719-6676-42d4-b1c0-6fc873e8922c\u00bb header_4_text_color=\u00bb#FFFFFF\u00bb custom_margin=\u00bb||0px||false|false\u00bb global_colors_info=\u00bb{}\u00bb]<\/p>\n<h4>GarroMel<\/h4>\n<p>[\/et_pb_text][et_pb_text _builder_version=\u00bb4.27.4&#8243; _module_preset=\u00bb967bad4b-c1e8-45ae-9b35-d2a550eee265&#8243; text_text_color=\u00bb#FFFFFF\u00bb global_colors_info=\u00bb{}\u00bb]<\/p>\n<p>Melaza de algarroba ecol\u00f3gica, edulcorante natural de bajo \u00edndice gluc\u00e9mico.<\/p>\n<p>1L\/2L\/60ml<\/p>\n<p>[\/et_pb_text][\/et_pb_column][\/et_pb_row][et_pb_row column_structure=\u00bb1_3,1_3,1_3&#8243; use_custom_gutter=\u00bbon\u00bb gutter_width=\u00bb1&#8243; make_equal=\u00bbon\u00bb _builder_version=\u00bb4.27.4&#8243; _module_preset=\u00bbdefault\u00bb locked=\u00bboff\u00bb global_colors_info=\u00bb{}\u00bb][et_pb_column type=\u00bb1_3&#8243; _builder_version=\u00bb4.25.0&#8243; _module_preset=\u00bbdefault\u00bb background_color=\u00bb#f2f2f2&#8243; custom_padding=\u00bb30px|30px|30px|30px|true|true\u00bb custom_padding_tablet=\u00bb30px|30px|30px|30px|true|true\u00bb custom_padding_phone=\u00bb20px|20px|20px|20px|true|true\u00bb custom_padding_last_edited=\u00bbon|desktop\u00bb global_colors_info=\u00bb{}\u00bb][et_pb_text _builder_version=\u00bb4.27.4&#8243; _module_preset=\u00bbac20f719-6676-42d4-b1c0-6fc873e8922c\u00bb custom_margin=\u00bb||0px||false|false\u00bb global_colors_info=\u00bb{}\u00bb]<\/p>\n<h4>GarroBirra<\/h4>\n<p>[\/et_pb_text][et_pb_text _builder_version=\u00bb4.27.4&#8243; _module_preset=\u00bb967bad4b-c1e8-45ae-9b35-d2a550eee265&#8243; text_text_color=\u00bb#000000&#8243; global_colors_info=\u00bb{}\u00bb]<\/p>\n<p>Cerveza artesanal de algarroba. M\u00e4rzen <\/p>\n<p>PNC<\/p>\n<p>33cl<\/p>\n<p>[\/et_pb_text][\/et_pb_column][et_pb_column type=\u00bb1_3&#8243; _builder_version=\u00bb4.27.4&#8243; _module_preset=\u00bbdefault\u00bb background_enable_color=\u00bboff\u00bb custom_padding=\u00bb30px|30px|30px|30px|true|true\u00bb custom_padding_tablet=\u00bb30px|30px|30px|30px|true|true\u00bb custom_padding_phone=\u00bb20px|20px|20px|20px|true|true\u00bb custom_padding_last_edited=\u00bbon|desktop\u00bb global_colors_info=\u00bb{}\u00bb][et_pb_text _builder_version=\u00bb4.27.4&#8243; _module_preset=\u00bbac20f719-6676-42d4-b1c0-6fc873e8922c\u00bb custom_margin=\u00bb||0px||false|false\u00bb global_colors_info=\u00bb{}\u00bb]<\/p>\n<h4>Garrofi<\/h4>\n<p>[\/et_pb_text][et_pb_text _builder_version=\u00bb4.27.4&#8243; _module_preset=\u00bb967bad4b-c1e8-45ae-9b35-d2a550eee265&#8243; text_text_color=\u00bb#000000&#8243; global_colors_info=\u00bb{}\u00bb]<\/p>\n<p>Producto usado en la industria farmac\u00e9utica y alimentaria, es el origen del aditivo E410, espesante natural.<\/p>\n<p>Granel<\/p>\n<p>[\/et_pb_text][\/et_pb_column][et_pb_column type=\u00bb1_3&#8243; _builder_version=\u00bb4.23.2&#8243; _module_preset=\u00bbdefault\u00bb background_color=\u00bbgcid-cc026ee9-2dfb-4c5b-892b-7f86cd297fec\u00bb custom_padding=\u00bb30px|30px|30px|30px|true|true\u00bb custom_padding_tablet=\u00bb30px|30px|30px|30px|true|true\u00bb custom_padding_phone=\u00bb20px|20px|20px|20px|true|true\u00bb custom_padding_last_edited=\u00bbon|desktop\u00bb global_colors_info=\u00bb{%22gcid-cc026ee9-2dfb-4c5b-892b-7f86cd297fec%22:%91%22background_color%22%93}\u00bb][et_pb_text _builder_version=\u00bb4.27.4&#8243; _module_preset=\u00bbac20f719-6676-42d4-b1c0-6fc873e8922c\u00bb header_4_text_color=\u00bb#FFFFFF\u00bb custom_margin=\u00bb||0px||false|false\u00bb global_colors_info=\u00bb{}\u00bb]<\/p>\n<h4>Pulpa de algarroba triturada<\/h4>\n<p>[\/et_pb_text][et_pb_text _builder_version=\u00bb4.27.4&#8243; _module_preset=\u00bb967bad4b-c1e8-45ae-9b35-d2a550eee265&#8243; text_text_color=\u00bb#FFFFFF\u00bb global_colors_info=\u00bb{}\u00bb]<\/p>\n<p>Ofrecemos varios tama\u00f1os de troceado, por elaboraciones propias o por pienso animal.<\/p>\n<p>ECO \/ PNC<\/p>\n<p>20kg\/Granel<\/p>\n<p>[\/et_pb_text][\/et_pb_column][\/et_pb_row][et_pb_row column_structure=\u00bb1_2,1_2&#8243; _builder_version=\u00bb4.27.4&#8243; _module_preset=\u00bbdefault\u00bb global_colors_info=\u00bb{}\u00bb][et_pb_column type=\u00bb1_2&#8243; _builder_version=\u00bb4.27.4&#8243; _module_preset=\u00bbdefault\u00bb global_colors_info=\u00bb{}\u00bb][et_pb_text _builder_version=\u00bb4.27.4&#8243; _module_preset=\u00bbdefault\u00bb text_font_size=\u00bb19px\u00bb text_line_height=\u00bb1.8em\u00bb global_colors_info=\u00bb{}\u00bb]<\/p>\n<p><strong>\u00bfHas probado nuestro producto y quieres darnos tu opini\u00f3n? Puedes rellenar la siguiente <a href=\"https:\/\/my.liberaforms.org\/enquesta-mostres-garrofa\">encuesta<\/a>.<\/strong><\/p>\n<p>[\/et_pb_text][\/et_pb_column][et_pb_column type=\u00bb1_2&#8243; _builder_version=\u00bb4.27.4&#8243; _module_preset=\u00bbdefault\u00bb global_colors_info=\u00bb{}\u00bb][\/et_pb_column][\/et_pb_row][\/et_pb_section][et_pb_section fb_built=\u00bb1&#8243; admin_label=\u00bbAbout\u00bb _builder_version=\u00bb4.23.2&#8243; _module_preset=\u00bbdefault\u00bb locked=\u00bboff\u00bb collapsed=\u00bbon\u00bb global_colors_info=\u00bb{}\u00bb][et_pb_row _builder_version=\u00bb4.27.4&#8243; _module_preset=\u00bbdefault\u00bb custom_padding=\u00bb|||0px||\u00bb global_colors_info=\u00bb{}\u00bb][et_pb_column type=\u00bb4_4&#8243; _builder_version=\u00bb4.23.2&#8243; _module_preset=\u00bbdefault\u00bb global_colors_info=\u00bb{}\u00bb][et_pb_text _builder_version=\u00bb4.27.4&#8243; _module_preset=\u00bbb6b11daa-6148-4b8d-89eb-da9129e403da\u00bb custom_margin=\u00bb||10px||false|false\u00bb global_colors_info=\u00bb{}\u00bb]<\/p>\n<h2><span style=\"color: #00463b;\">ECO\/PNC<\/span><\/h2>\n<p>[\/et_pb_text][et_pb_text _builder_version=\u00bb4.27.4&#8243; _module_preset=\u00bb6a217fb5-2cc1-4836-ac85-e9f7c79f2a6a\u00bb text_font_size=\u00bb19px\u00bb global_colors_info=\u00bb{}\u00bb]<\/p>\n<p>Trabajamos de forma mixta con algarroba ecol\u00f3gica o con algarroba PNC (Producto Natural de Confianza). Consideramos \u00abNatural\u00bb una algarroba que no ha sido tratada con fitosanitarios y que no est\u00e9 rodeada o asociada a cultivos convencionales. Damos valor a criterios de sostenibilidad y de pr\u00e1cticas ambientales regenerativas. Para ser considerada como Producto Natural de Confianza en el Econau, se deber\u00e1 describir el manejo realizado en los algarrobos en el formulario de Convenio Econau-Producto\/a y haberse comprometido a no haber aplicado ning\u00fan producto fitosanitario no autorizado por el CCPAE y que los algarrobos no est\u00e9n asociados a un cultivo convencional. M\u00e1s adelante habr\u00e1 una encuesta m\u00e1s completa basada en los criterios del mapa de PamAPam y visitas aleatorias de fincas entre iguales (personas productoras).<\/p>\n<p>[\/et_pb_text][\/et_pb_column][\/et_pb_row][\/et_pb_section]<\/p>\n","protected":false},"excerpt":{"rendered":"<p>MOL\u00cdActualidadesPreu llotjes (19\/01\/2026) Baix Camp: 0,32\u20ac\/kg Tarragon\u00e8s: 0,35\u20ac\/kg Baix Ebre-Montsi\u00e0: 0,30\u20ac\/kg &nbsp; El precio que se ha pagado la Campanya 2023-2024 ha sido de 0,51\u20ac\/kg en convencional y de 0,54\u20ac\/kg para cultivo con certificado ecologico. El precio definitivo de la campanya 2024-2025 se definir\u00e0 en agosto 2025. Opertura oficial campa\u00f1a 2025-2026: agosto-septiembre 2026. Si quieres [&hellip;]<\/p>\n","protected":false},"author":3,"featured_media":0,"parent":0,"menu_order":0,"comment_status":"closed","ping_status":"closed","template":"","meta":{"_et_pb_use_builder":"on","_et_pb_old_content":"","_et_gb_content_width":"","footnotes":""},"class_list":["post-479","page","type-page","status-publish","hentry"],"_links":{"self":[{"href":"https:\/\/econau.org\/es\/wp-json\/wp\/v2\/pages\/479","targetHints":{"allow":["GET"]}}],"collection":[{"href":"https:\/\/econau.org\/es\/wp-json\/wp\/v2\/pages"}],"about":[{"href":"https:\/\/econau.org\/es\/wp-json\/wp\/v2\/types\/page"}],"author":[{"embeddable":true,"href":"https:\/\/econau.org\/es\/wp-json\/wp\/v2\/users\/3"}],"replies":[{"embeddable":true,"href":"https:\/\/econau.org\/es\/wp-json\/wp\/v2\/comments?post=479"}],"version-history":[{"count":4,"href":"https:\/\/econau.org\/es\/wp-json\/wp\/v2\/pages\/479\/revisions"}],"predecessor-version":[{"id":1458,"href":"https:\/\/econau.org\/es\/wp-json\/wp\/v2\/pages\/479\/revisions\/1458"}],"wp:attachment":[{"href":"https:\/\/econau.org\/es\/wp-json\/wp\/v2\/media?parent=479"}],"curies":[{"name":"wp","href":"https:\/\/api.w.org\/{rel}","templated":true}]}}