{"id":496,"date":"2025-05-14T09:20:34","date_gmt":"2025-05-14T09:20:34","guid":{"rendered":"https:\/\/econau.org\/quienes-somos\/"},"modified":"2025-08-15T10:21:23","modified_gmt":"2025-08-15T10:21:23","slug":"quienes-somos","status":"publish","type":"page","link":"https:\/\/econau.org\/es\/quienes-somos\/","title":{"rendered":"\u00bfQUI\u00c9NES SOMOS?"},"content":{"rendered":"<p>[et_pb_section fb_built=\u00bb1&#8243; admin_label=\u00bbCommunity\u00bb _builder_version=\u00bb4.23.2&#8243; _module_preset=\u00bbdefault\u00bb locked=\u00bboff\u00bb collapsed=\u00bbon\u00bb global_colors_info=\u00bb{}\u00bb][et_pb_row _builder_version=\u00bb4.27.4&#8243; _module_preset=\u00bbdefault\u00bb locked=\u00bboff\u00bb global_colors_info=\u00bb{}\u00bb][et_pb_column type=\u00bb4_4&#8243; _builder_version=\u00bb4.23.2&#8243; _module_preset=\u00bbdefault\u00bb global_colors_info=\u00bb{}\u00bb][et_pb_text _builder_version=\u00bb4.27.4&#8243; _module_preset=\u00bb1be946f4-9057-46be-8a56-fd772767f468&#8243; header_text_color=\u00bbgcid-0a70bcaa-1736-40e0-9723-4fb88b8b6694&#8243; text_orientation=\u00bbcenter\u00bb global_colors_info=\u00bb{%22gcid-0a70bcaa-1736-40e0-9723-4fb88b8b6694%22:%91%22header_text_color%22%93}\u00bb]<\/p>\n<h1 style=\"text-align: left;\">\u00bfQui\u00e9nes Somos?<\/h1>\n<p>[\/et_pb_text][et_pb_image src=\u00bbhttps:\/\/econau.org\/wp-content\/uploads\/2025\/05\/cropped-343181569_1463486957758810_5955405249543294772_n.jpg\u00bb title_text=\u00bbcropped-343181569_1463486957758810_5955405249543294772_n.jpg\u00bb _builder_version=\u00bb4.27.4&#8243; _module_preset=\u00bbdefault\u00bb width=\u00bb20%\u00bb custom_margin=\u00bb-198px|||750px|false|false\u00bb global_colors_info=\u00bb{}\u00bb][\/et_pb_image][et_pb_text _builder_version=\u00bb4.27.4&#8243; _module_preset=\u00bbdefault\u00bb text_font_size=\u00bb19px\u00bb text_line_height=\u00bb1.8em\u00bb custom_margin=\u00bb-70px||||false|false\u00bb custom_padding=\u00bb0px||0px||false|false\u00bb global_colors_info=\u00bb{}\u00bb]<\/p>\n<p><strong>EcoNau es un proyecto colectivo que nace de la tierra, con las manos y el corazon.<\/strong><\/p>\n<p>Todo empez\u00f3 cuando un grupo de p<strong>roductoras de algarroba ecol\u00f3gica<\/strong> vieron que no encontraban d\u00f3nde vender su fruto. Asimismo, e<strong>laboradoras de dulces con algarroba<\/strong> no consegu\u00edan materia prima local y ecol\u00f3gica. De esta necesidad compartida y de la voluntad de transformar el modelo alimentario, decidimos <strong>juntar fuerzas y construir el primer molino de algarroba de Catalu\u00f1a.<\/strong><\/p>\n<p>A este n\u00facleo inicial se sumaron <strong>cocineras, permacultoras y amantes de la naturalez<\/strong>a, aportando una mirada hol\u00edstica y vital: no s\u00f3lo quer\u00edamos un molino, sino un <strong>espacio vivo<\/strong> donde conectar producci\u00f3n, transformaci\u00f3n, educaci\u00f3n y bienestar. As\u00ed naci\u00f3 el <strong>EcoNau<\/strong>: un espacio cooperativo con o<strong>brador compartido<\/strong>, <strong>aula de formaci\u00f3n<\/strong>, <strong>sala de cuidados<\/strong> y un <strong>\u00e1rea de juego libre para los ni\u00f1os<\/strong>, dise\u00f1ada con criterios de permacultura.<\/p>\n<p>[\/et_pb_text][et_pb_video src=\u00bbhttps:\/\/econau.org\/wp-content\/uploads\/2025\/07\/Video-ERA-CAMPANYA-SOCIS.mp4&#8243; _builder_version=\u00bb4.27.4&#8243; _module_preset=\u00bbdefault\u00bb global_colors_info=\u00bb{}\u00bb][\/et_pb_video][\/et_pb_column][\/et_pb_row][et_pb_row _builder_version=\u00bb4.24.2&#8243; _module_preset=\u00bbdefault\u00bb locked=\u00bboff\u00bb global_colors_info=\u00bb{}\u00bb][et_pb_column type=\u00bb4_4&#8243; _builder_version=\u00bb4.23.2&#8243; _module_preset=\u00bbdefault\u00bb global_colors_info=\u00bb{}\u00bb][et_pb_text _builder_version=\u00bb4.27.4&#8243; _module_preset=\u00bb1be946f4-9057-46be-8a56-fd772767f468&#8243; header_text_color=\u00bbgcid-0a70bcaa-1736-40e0-9723-4fb88b8b6694&#8243; text_orientation=\u00bbcenter\u00bb global_colors_info=\u00bb{%22gcid-0a70bcaa-1736-40e0-9723-4fb88b8b6694%22:%91%22header_text_color%22%93}\u00bb]<\/p>\n<h1 style=\"text-align: left;\">Lo que nos mueve.<\/h1>\n<p>[\/et_pb_text][et_pb_text _builder_version=\u00bb4.27.4&#8243; _module_preset=\u00bbdefault\u00bb text_font_size=\u00bb19px\u00bb text_line_height=\u00bb1.8em\u00bb custom_margin=\u00bb||||false|false\u00bb global_colors_info=\u00bb{}\u00bb]<\/p>\n<p>Somos un colectivo de personas comprometidas con la <strong>recuperaci\u00f3n y regeneraci\u00f3n de la tierra<\/strong>. Queremos participar de una producci\u00f3n agraria ecol\u00f3gica, de proximidad y regenerativa que <strong>cuida el suelo, la biodiversidad y las personas.<\/strong> <\/p>\n<p>Nos hemos asociado a EcoNau para impulsar <strong>la transformaci\u00f3n agroalimentaria de cultivos aut\u00f3ctonos<\/strong> como la algarroba, los frutos secos, la aceituna, la fruta y la verdura. Lo hacemos con<strong> criterios de sostenibilidad, cerrando ciclos, rehabilitando el entorno y reduciendo nuestra huella ecol\u00f3gica<\/strong>. <\/p>\n<p>[\/et_pb_text][\/et_pb_column][\/et_pb_row][et_pb_row _builder_version=\u00bb4.24.2&#8243; _module_preset=\u00bbdefault\u00bb locked=\u00bboff\u00bb global_colors_info=\u00bb{}\u00bb][et_pb_column type=\u00bb4_4&#8243; _builder_version=\u00bb4.23.2&#8243; _module_preset=\u00bbdefault\u00bb global_colors_info=\u00bb{}\u00bb][et_pb_text _builder_version=\u00bb4.27.4&#8243; _module_preset=\u00bb1be946f4-9057-46be-8a56-fd772767f468&#8243; header_text_color=\u00bbgcid-0a70bcaa-1736-40e0-9723-4fb88b8b6694&#8243; text_orientation=\u00bbcenter\u00bb global_colors_info=\u00bb{%22gcid-0a70bcaa-1736-40e0-9723-4fb88b8b6694%22:%91%22header_text_color%22%93}\u00bb]<\/p>\n<h1 style=\"text-align: left;\">\u00bfPor qu\u00e9 la algarroba?<\/h1>\n<p>[\/et_pb_text][et_pb_text _builder_version=\u00bb4.27.4&#8243; _module_preset=\u00bbdefault\u00bb text_font_size=\u00bb19px\u00bb text_line_height=\u00bb1.8em\u00bb global_colors_info=\u00bb{}\u00bb]<\/p>\n<p>Porque es un s\u00edmbolo de <strong>resiliencia y arraigo mediterr\u00e1neo.<\/strong><br \/>El <strong>algarrobo<\/strong> es un \u00e1rbol noble, que puede vivir m\u00e1s de mil a\u00f1os, resistir sequ\u00edas y vientos, y producir hasta <strong>500 kg de fruto cada a\u00f1o<\/strong>. En las <strong>Terres de l&#8217;Ebre<\/strong>, como en el resto del Mediterr\u00e1neo, prospera de manera natural, nutriendo una red de productoras locales que practican una agricultura respetuosa con el territorio. <\/p>\n<p>La <strong>algarroba es mucho m\u00e1s que un recuerdo de infancia:<\/strong> es un alimento completo, nutritivo y vers\u00e1til. Rica en <strong>fibra, calcio, magnesio, hierro y antioxidantes<\/strong>, es un ingrediente perfecto para harinas, dulces, bebidas, chocolate, leches vegetales e incluso caf\u00e9.<br \/>Con ella queremos crear <strong>econom\u00eda circular, cocinas m\u00e1s saludables y soberan\u00eda alimenticia<\/strong>. <\/p>\n<p>[\/et_pb_text][\/et_pb_column][\/et_pb_row][et_pb_row _builder_version=\u00bb4.24.2&#8243; _module_preset=\u00bbdefault\u00bb locked=\u00bboff\u00bb global_colors_info=\u00bb{}\u00bb][et_pb_column type=\u00bb4_4&#8243; _builder_version=\u00bb4.23.2&#8243; _module_preset=\u00bbdefault\u00bb global_colors_info=\u00bb{}\u00bb][et_pb_text _builder_version=\u00bb4.27.4&#8243; _module_preset=\u00bb1be946f4-9057-46be-8a56-fd772767f468&#8243; header_text_color=\u00bbgcid-0a70bcaa-1736-40e0-9723-4fb88b8b6694&#8243; text_orientation=\u00bbcenter\u00bb global_colors_info=\u00bb{%22gcid-0a70bcaa-1736-40e0-9723-4fb88b8b6694%22:%91%22header_text_color%22%93}\u00bb]<\/p>\n<h1 style=\"text-align: left;\">Un proyecto de muchas manos.<\/h1>\n<p>[\/et_pb_text][et_pb_text _builder_version=\u00bb4.27.4&#8243; _module_preset=\u00bbdefault\u00bb text_font_size=\u00bb19px\u00bb text_line_height=\u00bb1.8em\u00bb global_colors_info=\u00bb{}\u00bb]<\/p>\n<p>Detr\u00e1s del EcoNau hay una red diversa de personas y proyectos, entre ellos:<\/p>\n<p><a href=\"https:\/\/ecotros.cat\/es\/\"><strong>Ecotr\u00f2s<\/strong><\/a>, <a href=\"https:\/\/renaunatura.wordpress.com\/\"><strong>La Finca Racons de Renau<\/strong><\/a>, <a href=\"https:\/\/www.planctondiving.cat\/es\/centro-de-buceo-y-snorkel-en-lametlla-de-mar\/\"><strong>Pl\u00e0ncton Diving<\/strong><\/a>, <strong><a href=\"https:\/\/permaculturapenyaflor.org\/es\/permacultura-penyaflor\/\">Permacultura Penyaflor<\/a>.<\/strong><\/p>\n<p>Y alianzas con iniciativas afines como:<\/p>\n<p><a href=\"https:\/\/concentradospalleja.com\/\"><strong>Concentrats Pallej\u00e0 \/ The Syrup Factory<\/strong><\/a>, <a href=\"https:\/\/espaitatakua.wordpress.com\/\"><strong>Associaci\u00f3 Tatak\u00fca Escola Bosc<\/strong><\/a>, <a href=\"https:\/\/eramposta.cat\/\"><strong>ERA d\u2019Amposta<\/strong><\/a>, <a href=\"http:\/\/www.com-gar.com\/\"><strong>Comercial Garrofa<\/strong><\/a>, <a href=\"https:\/\/somebre.org\/es\/home-es\/\"><strong>L\u2019Enlla\u00e7 de l\u2019Ebre<\/strong><\/a>, <a href=\"https:\/\/agroecologiaenxarxa.cat\/\"><strong>l\u2019Einateca Agroecol\u00f2gica<\/strong><\/a>, <a href=\"https:\/\/graellsia.org\/\"><strong>Graellsia<\/strong> i el <strong>Grup d\u2019Estudis i Comunicaci\u00f3 Ambiental<\/strong><\/a>.<\/p>\n<p>[\/et_pb_text][et_pb_gallery gallery_ids=\u00bb224,225,227,226,229,228,230,232,234,255&#8243; fullwidth=\u00bbon\u00bb _builder_version=\u00bb4.27.4&#8243; _module_preset=\u00bbdefault\u00bb width=\u00bb22%\u00bb max_width=\u00bb22%\u00bb module_alignment=\u00bbcenter\u00bb height=\u00bb161px\u00bb max_height=\u00bb643px\u00bb global_colors_info=\u00bb{}\u00bb][\/et_pb_gallery][\/et_pb_column][\/et_pb_row][et_pb_row _builder_version=\u00bb4.24.2&#8243; _module_preset=\u00bbdefault\u00bb locked=\u00bboff\u00bb global_colors_info=\u00bb{}\u00bb][et_pb_column type=\u00bb4_4&#8243; _builder_version=\u00bb4.23.2&#8243; _module_preset=\u00bbdefault\u00bb global_colors_info=\u00bb{}\u00bb][et_pb_text _builder_version=\u00bb4.27.4&#8243; _module_preset=\u00bb1be946f4-9057-46be-8a56-fd772767f468&#8243; header_text_color=\u00bbgcid-0a70bcaa-1736-40e0-9723-4fb88b8b6694&#8243; text_orientation=\u00bbcenter\u00bb global_colors_info=\u00bb{%22gcid-0a70bcaa-1736-40e0-9723-4fb88b8b6694%22:%91%22header_text_color%22%93}\u00bb]<\/p>\n<h1 style=\"text-align: left;\">Nuestro sue\u00f1o.<\/h1>\n<p>[\/et_pb_text][et_pb_text _builder_version=\u00bb4.27.4&#8243; _module_preset=\u00bbdefault\u00bb text_font_size=\u00bb19px\u00bb text_line_height=\u00bb1.8em\u00bb global_colors_info=\u00bb{}\u00bb]<\/p>\n<p>Queremos construir una<strong> red agroecol\u00f3gica fuerte y local<\/strong>, formada por <strong>peque\u00f1as fincas cultivadas con respeto<\/strong>, lideradas a menudo por personas nuevas en el mundo agr\u00edcola pero profundamente conscientes de la crisis clim\u00e1tica y la urgencia de transformar el sistema alimentario.<\/p>\n<p>Con cada paso, con cada cosecha, con cada taller\u2026 <strong>recuperamos valores, cuidamos la tierra y tejemos futuro.<\/strong><\/p>\n<p>[\/et_pb_text][\/et_pb_column][\/et_pb_row][\/et_pb_section][et_pb_section fb_built=\u00bb1&#8243; admin_label=\u00bbAbout\u00bb _builder_version=\u00bb4.23.2&#8243; _module_preset=\u00bbdefault\u00bb locked=\u00bboff\u00bb collapsed=\u00bbon\u00bb global_colors_info=\u00bb{}\u00bb][et_pb_row _builder_version=\u00bb4.27.4&#8243; _module_preset=\u00bbdefault\u00bb global_colors_info=\u00bb{}\u00bb][et_pb_column type=\u00bb4_4&#8243; _builder_version=\u00bb4.23.2&#8243; _module_preset=\u00bbdefault\u00bb global_colors_info=\u00bb{}\u00bb][et_pb_text _builder_version=\u00bb4.27.4&#8243; _module_preset=\u00bb06f08fbc-5458-4107-81b4-ff0c62d7cad5&#8243; custom_margin=\u00bb||10px||false|false\u00bb global_colors_info=\u00bb{}\u00bb]<\/p>\n<h2>Queremos que el Econau sea un espacio de encuentro para:<\/h2>\n<p>[\/et_pb_text][et_pb_text _builder_version=\u00bb4.27.4&#8243; _module_preset=\u00bbf143bdcc-ef9e-4f7f-a8c4-46620595f1a5&#8243; text_font_size=\u00bb19px\u00bb global_colors_info=\u00bb{}\u00bb]<\/p>\n<ul>\n<li><strong>Compartir servicios conjuntos <\/strong><strong>con el campesinado local<\/strong>, especialmente con el que no est\u00e1 familiarizado con los procesos productivos, venta y procesamiento del producto.<\/li>\n<li><strong>Personas con fincas peque\u00f1as en la zona de Tarragona y Castell\u00f3n<\/strong> que tengan pocos \u00e1rboles y quieren cuidarlos de forma respetuosa con el medio y conseguir un buen rendimiento.<\/li>\n<li>Personas que necesiten <strong>procesar sus productos veganos y ecol\u00f3gicos en un obrador compartido<\/strong>, con vol\u00famenes peque\u00f1os, ya sea en momentos puntuales o de forma continuada.<span> <\/span><\/li>\n<li>Persones que vulguin <strong>promocionar i fomentar la venda dels seus productes<\/strong> amb l\u2019assist\u00e8ncia de manera conjunta a fires i mercats de pag\u00e8s i per la tienda online.<\/li>\n<li>Consumidoras que quieran <strong>productos de proximidad, resilientes con el territorio,<\/strong> que generen riqueza y puestos de trabajo y se cuide el medio ambiente durante todo su proceso.<\/li>\n<li>Personas con <strong>inquietudes por formarse en tem\u00e1ticas agr\u00edcolas, de medio ambiente, cocina o bienestar del cuerpo y del alma.<\/strong><\/li>\n<li>Familias con necesidades de una <strong>educaci\u00f3n respectuosa <\/strong>para sus ni\u00f1os, en busca de un espacio seguro y respetuoso donde las criaturas se puedan sentir c\u00f3modas para desarrollar su potencial (mental y f\u00edsico).<\/li>\n<li>Personas con <strong>ideas nuevas y ganas de ser parte de una comunidad activa <\/strong><strong>por la defensa de la algarroba y del territorio.<\/strong><\/li>\n<\/ul>\n<p>[\/et_pb_text][\/et_pb_column][\/et_pb_row][et_pb_row column_structure=\u00bb1_2,1_2&#8243; use_custom_gutter=\u00bbon\u00bb gutter_width=\u00bb1&#8243; make_equal=\u00bbon\u00bb _builder_version=\u00bb4.27.4&#8243; _module_preset=\u00bbdefault\u00bb global_colors_info=\u00bb{}\u00bb][et_pb_column type=\u00bb1_2&#8243; _builder_version=\u00bb4.27.4&#8243; _module_preset=\u00bbdefault\u00bb background_color=\u00bbgcid-0a70bcaa-1736-40e0-9723-4fb88b8b6694&#8243; custom_padding=\u00bb30px|30px|30px|30px|true|true\u00bb custom_padding_tablet=\u00bb30px|30px|30px|30px|true|true\u00bb custom_padding_phone=\u00bb20px|20px|20px|20px|true|true\u00bb custom_padding_last_edited=\u00bbon|desktop\u00bb global_colors_info=\u00bb{%22gcid-0a70bcaa-1736-40e0-9723-4fb88b8b6694%22:%91%22background_color%22%93}\u00bb][et_pb_text _builder_version=\u00bb4.27.4&#8243; _module_preset=\u00bbdb524002-0131-4251-bc9f-bac27e9d586a\u00bb text_text_color=\u00bb#FFFFFF\u00bb text_font_size=\u00bb22px\u00bb text_line_height=\u00bb1.8em\u00bb custom_margin=\u00bb||20px||false|false\u00bb global_colors_info=\u00bb{}\u00bb]<\/p>\n<p><strong>En EcoNau creemos en la claridad, la participaci\u00f3n y la confianza mutua. En este espacio compartimos las actas de asamblea, las fichas t\u00e9cnicas de los productos y otros documentos relevantes del proyecto. <\/strong><\/p>\n<p>[\/et_pb_text][\/et_pb_column][et_pb_column type=\u00bb1_2&#8243; _builder_version=\u00bb4.27.4&#8243; _module_preset=\u00bbdefault\u00bb background_color=\u00bb#f2f2f2&#8243; custom_padding=\u00bb30px|30px|30px|30px|true|true\u00bb custom_padding_tablet=\u00bb30px|30px|30px|30px|true|true\u00bb custom_padding_phone=\u00bb20px|20px|20px|20px|true|true\u00bb custom_padding_last_edited=\u00bbon|desktop\u00bb global_colors_info=\u00bb{}\u00bb][et_pb_text _builder_version=\u00bb4.27.4&#8243; _module_preset=\u00bbdefault\u00bb global_colors_info=\u00bb{}\u00bb]<\/p>\n<p><a href=\"https:\/\/econau.org\/wp-content\/uploads\/2025\/07\/Cataleg-experiencies-CAT-4.pdf\" rel=\"attachment wp-att-258\">Cataleg experiencies CAT (4)<\/a><\/p>\n<p><a href=\"https:\/\/econau.org\/wp-content\/uploads\/2025\/07\/FICHA-TECNICA-ALGARROBA-ALE-GARROBIRRA.pdf\" rel=\"attachment wp-att-259\">FICHA T\u00c9CNICA ALGARROBA ALE-GARROBIRRA<\/a><\/p>\n<p><a href=\"https:\/\/econau.org\/wp-content\/uploads\/2025\/07\/Ficha-tecnica-GarroCau-ECO.pdf\" rel=\"attachment wp-att-260\">Ficha tecnica GarroCau-ECO<\/a><\/p>\n<p><a href=\"https:\/\/econau.org\/wp-content\/uploads\/2025\/07\/Ficha-tecnica-GarroFarina-ECO.pdf\" rel=\"attachment wp-att-261\">Ficha tecnica GarroFarina-ECO<\/a><\/p>\n<p><a href=\"https:\/\/econau.org\/wp-content\/uploads\/2025\/07\/Fitxa-tecnica-GarroTriturat-ECO.pdf\" rel=\"attachment wp-att-262\">Fitxa t\u00e9cnica GarroTriturat-ECO<\/a><\/p>\n<p><a href=\"https:\/\/econau.org\/wp-content\/uploads\/2025\/07\/Fitxa-tecnica-GarroTriturat-PNC.pdf\" rel=\"attachment wp-att-263\">Fitxa t\u00e9cnica GarroTriturat-PNC<\/a><\/p>\n<p><a href=\"https:\/\/econau.org\/wp-content\/uploads\/2025\/07\/MODEL-CONTRACTE-ENTRE-ASSOCIACIO-ECONAU-I-OPERADORS.pdf\" rel=\"attachment wp-att-264\">MODEL CONTRACTE ENTRE ASSOCIACI\u00d3 ECONAU I OPERADORS<\/a><\/p>\n<p>[\/et_pb_text][\/et_pb_column][\/et_pb_row][\/et_pb_section]<\/p>\n","protected":false},"excerpt":{"rendered":"<p>\u00bfQui\u00e9nes Somos?EcoNau es un proyecto colectivo que nace de la tierra, con las manos y el corazon. Todo empez\u00f3 cuando un grupo de productoras de algarroba ecol\u00f3gica vieron que no encontraban d\u00f3nde vender su fruto. Asimismo, elaboradoras de dulces con algarroba no consegu\u00edan materia prima local y ecol\u00f3gica. De esta necesidad compartida y de la [&hellip;]<\/p>\n","protected":false},"author":3,"featured_media":0,"parent":0,"menu_order":0,"comment_status":"closed","ping_status":"closed","template":"","meta":{"_et_pb_use_builder":"on","_et_pb_old_content":"","_et_gb_content_width":"","footnotes":""},"class_list":["post-496","page","type-page","status-publish","hentry"],"_links":{"self":[{"href":"https:\/\/econau.org\/es\/wp-json\/wp\/v2\/pages\/496","targetHints":{"allow":["GET"]}}],"collection":[{"href":"https:\/\/econau.org\/es\/wp-json\/wp\/v2\/pages"}],"about":[{"href":"https:\/\/econau.org\/es\/wp-json\/wp\/v2\/types\/page"}],"author":[{"embeddable":true,"href":"https:\/\/econau.org\/es\/wp-json\/wp\/v2\/users\/3"}],"replies":[{"embeddable":true,"href":"https:\/\/econau.org\/es\/wp-json\/wp\/v2\/comments?post=496"}],"version-history":[{"count":10,"href":"https:\/\/econau.org\/es\/wp-json\/wp\/v2\/pages\/496\/revisions"}],"predecessor-version":[{"id":793,"href":"https:\/\/econau.org\/es\/wp-json\/wp\/v2\/pages\/496\/revisions\/793"}],"wp:attachment":[{"href":"https:\/\/econau.org\/es\/wp-json\/wp\/v2\/media?parent=496"}],"curies":[{"name":"wp","href":"https:\/\/api.w.org\/{rel}","templated":true}]}}