{"id":503,"date":"2025-05-14T09:35:48","date_gmt":"2025-05-14T09:35:48","guid":{"rendered":"https:\/\/econau.org\/fes-ten-soci\/"},"modified":"2026-03-16T10:08:26","modified_gmt":"2026-03-16T10:08:26","slug":"fes-ten-soci","status":"publish","type":"page","link":"https:\/\/econau.org\/es\/fes-ten-soci\/","title":{"rendered":"HAZTE SOCIO"},"content":{"rendered":"<p>[et_pb_section fb_built=\u00bb1&#8243; admin_label=\u00bbHeader &#038; Contact Form\u00bb _builder_version=\u00bb4.24.2&#8243; _module_preset=\u00bbdefault\u00bb collapsed=\u00bbon\u00bb global_colors_info=\u00bb{}\u00bb][et_pb_row column_structure=\u00bb1_2,1_2&#8243; _builder_version=\u00bb4.25.0&#8243; _module_preset=\u00bbdefault\u00bb background_color=\u00bb#FFFFFF\u00bb global_colors_info=\u00bb{}\u00bb][et_pb_column type=\u00bb1_2&#8243; _builder_version=\u00bb4.24.2&#8243; _module_preset=\u00bbdefault\u00bb global_colors_info=\u00bb{}\u00bb][et_pb_text _builder_version=\u00bb4.27.4&#8243; _module_preset=\u00bb2071c638-42be-4179-a31d-ecd31b8d1d68&#8243; header_text_color=\u00bbgcid-0a70bcaa-1736-40e0-9723-4fb88b8b6694&#8243; custom_margin=\u00bb||10px||false|false\u00bb global_colors_info=\u00bb{%22gcid-0a70bcaa-1736-40e0-9723-4fb88b8b6694%22:%91%22header_text_color%22%93}\u00bb]<\/p>\n<h1>\u00a1Hazte socio!<\/h1>\n<p>&nbsp;<\/p>\n<p>\u00a1S\u00fabete a bordo al Econau!<\/p>\n<ul>\n<li>Dar\u00e1s soporte a un proyecto de dinamizaci\u00f3n local agroecol\u00f3gica<\/li>\n<li><span style=\"font-size: 14px;\">\u00a1Tendr\u00e1s descuentos en productos y en actividades, incluso actividades gratuitas!<\/span><\/li>\n<li>Recibir\u00e1s recetas exclusivas<span style=\"font-size: 14px;\"><\/span><\/li>\n<li>Te ofrecemos una camiseta Empoderamos la Garrofa &#8211; Festival de la Garrofa<\/li>\n<li>Seg\u00fan la cuota, tienes acceso al obrador compartido, de forma puntual o continua.<\/li>\n<\/ul>\n<p>Hay varias formas de apoyar, mediante varias cuotas de membres\u00eda:<\/p>\n<h3>  <\/h3>\n<h3>CUOTA INF\u00d3RMATE<\/h3>\n<p> \u00bfTe interesa aprender sobre t\u00e9cnicas sostenibles de cultivo, participar en talleres culinarios con productos de proximidad o por ejemplo disfrutar del espacio EcoKids en familia o amigos? \u00a1Esta es tu cuota! Por 100\u20ac al a\u00f1o (o 50\u20ac por semestre), podr\u00e1s beneficiarte de los descuentos en productos y actividades  <\/p>\n<h3>CUOTA F\u00d3RMATE<\/h3>\n<p> \u00bfNecesitas un espacio para elaborar productos de forma puntual, realizar pruebas de deshidratados con un secador solar, o un espacio para envasar tu aceite con registro sanitario? Por 200\u20ac al a\u00f1o (o 100\u20ac por semestre), podr\u00e1s utilizar el obrador de forma puntual, \u00a1y beneficiarte de los descuentos en productos y en actividades! <\/p>\n<h3>CUOTA TRANSF\u00d3RMATE<\/h3>\n<p> \u00bfBuscas un espacio con registro sanitario para realizar tus elaboraciones? La cuota de 500\u20ac al a\u00f1o te dio derecho a utilizar el obrador de forma continua, y tambi\u00e9n tendr\u00e1s descuentos en productos y actividades. <\/p>\n<p>&nbsp;<\/p>\n<p>[\/et_pb_text][et_pb_code _builder_version=\u00bb4.27.4&#8243; _module_preset=\u00bbdefault\u00bb global_colors_info=\u00bb{}\u00bb]<iframe loading=\"lazy\" width=\"500\" height=\"600\" frameborder=\"0\" src=\"https:\/\/my.liberaforms.org\/embed\/membresia\"><!-- [et_pb_line_break_holder] --><\/iframe>[\/et_pb_code][\/et_pb_column][et_pb_column type=\u00bb1_2&#8243; _builder_version=\u00bb4.25.0&#8243; _module_preset=\u00bbdefault\u00bb background_color=\u00bb#f2f2f2&#8243; custom_padding=\u00bb40px|40px|40px|40px|true|true\u00bb custom_padding_tablet=\u00bb30px|30px|30px|30px|true|true\u00bb custom_padding_phone=\u00bb20px|20px|20px|20px|true|true\u00bb custom_padding_last_edited=\u00bbon|desktop\u00bb global_colors_info=\u00bb{}\u00bb][et_pb_heading title=\u00bbPRODUCTORES\u00bb _builder_version=\u00bb4.27.4&#8243; _module_preset=\u00bbdefault\u00bb global_colors_info=\u00bb{}\u00bb][\/et_pb_heading][et_pb_text _builder_version=\u00bb4.27.6&#8243; _module_preset=\u00bbdefault\u00bb hover_enabled=\u00bb0&#8243; global_colors_info=\u00bb{}\u00bb text_text_color=\u00bb#000000&#8243; sticky_enabled=\u00bb0&#8243;]<\/p>\n<p>Si nos llevas m\u00e1s de 500kg de algarroba nueva, entre septiembre y diciembre, te hacemos socio\/a autom\u00e1ticamente, sin pagar cuota. Tendr\u00e1s los descuentos y acceso al obrador compartido.<\/p>\n<p>Antes de llevar algarrobas, debes<\/p>\n<p>1- haber le\u00eddo la gu\u00eda de la algarroba<\/p>\n<p>2- rellenar el siguiente formulario\/convenio, adjuntando la DUN,<\/p>\n<p>3- y posteriormente reservar un <a href=\"https:\/\/www.supersaas.com\/schedule\/Econau\/Recepci%C3%B3_garrofa_Mol%C3%AD\">turno <\/a>en el molino para descargar las algarrobas.<\/p>\n<p>[\/et_pb_text][et_pb_code _builder_version=\u00bb4.27.4&#8243; _module_preset=\u00bbdefault\u00bb global_colors_info=\u00bb{}\u00bb]<iframe loading=\"lazy\" width=\"500\" height=\"600\" frameborder=\"0\" src=\"https:\/\/my.liberaforms.org\/embed\/conveni-garrofa\"><!-- [et_pb_line_break_holder] --><\/iframe>[\/et_pb_code][\/et_pb_column][\/et_pb_row][et_pb_row column_structure=\u00bb1_3,1_3,1_3&#8243; use_custom_gutter=\u00bbon\u00bb gutter_width=\u00bb1&#8243; make_equal=\u00bbon\u00bb _builder_version=\u00bb4.25.0&#8243; _module_preset=\u00bbdefault\u00bb locked=\u00bboff\u00bb global_colors_info=\u00bb{}\u00bb][et_pb_column type=\u00bb1_3&#8243; _builder_version=\u00bb4.24.2&#8243; _module_preset=\u00bbdefault\u00bb background_color=\u00bbgcid-0a70bcaa-1736-40e0-9723-4fb88b8b6694&#8243; custom_padding=\u00bb30px|30px|30px|30px|true|true\u00bb custom_padding_tablet=\u00bb30px|30px|30px|30px|true|true\u00bb custom_padding_phone=\u00bb20px|20px|20px|20px|true|true\u00bb custom_padding_last_edited=\u00bbon|desktop\u00bb global_colors_info=\u00bb{%22gcid-0a70bcaa-1736-40e0-9723-4fb88b8b6694%22:%91%22background_color%22%93}\u00bb][et_pb_icon font_icon=\u00bb&#xf10b;||fa||900&#8243; icon_color=\u00bb#FFFFFF\u00bb icon_width=\u00bb32px\u00bb align=\u00bbleft\u00bb _builder_version=\u00bb4.23.2&#8243; _module_preset=\u00bbdefault\u00bb custom_margin=\u00bb||20px||false|false\u00bb global_colors_info=\u00bb{}\u00bb][\/et_pb_icon][et_pb_text _builder_version=\u00bb4.27.4&#8243; _module_preset=\u00bb1dd7a327-2563-419f-a620-d8dc1c761c07&#8243; text_text_color=\u00bb#FFFFFF\u00bb link_text_color=\u00bb#FFFFFF\u00bb custom_margin=\u00bb||20px||false|false\u00bb global_colors_info=\u00bb{}\u00bb]<\/p>\n<ul>\n<li>Dani: 661 84 35 08<\/li>\n<li>Cecile: 606 52 02 33<\/li>\n<\/ul>\n<p>[\/et_pb_text][\/et_pb_column][et_pb_column type=\u00bb1_3&#8243; _builder_version=\u00bb4.23.2&#8243; _module_preset=\u00bbdefault\u00bb background_color=\u00bbgcid-cc026ee9-2dfb-4c5b-892b-7f86cd297fec\u00bb custom_padding=\u00bb30px|30px|30px|30px|true|true\u00bb custom_padding_tablet=\u00bb30px|30px|30px|30px|true|true\u00bb custom_padding_phone=\u00bb20px|20px|20px|20px|true|true\u00bb custom_padding_last_edited=\u00bbon|desktop\u00bb global_colors_info=\u00bb{%22gcid-cc026ee9-2dfb-4c5b-892b-7f86cd297fec%22:%91%22background_color%22%93}\u00bb][et_pb_icon font_icon=\u00bb&#xf2b6;||fa||900&#8243; icon_color=\u00bb#FFFFFF\u00bb icon_width=\u00bb32px\u00bb align=\u00bbleft\u00bb _builder_version=\u00bb4.23.2&#8243; _module_preset=\u00bbdefault\u00bb custom_margin=\u00bb||20px||false|false\u00bb locked=\u00bboff\u00bb global_colors_info=\u00bb{}\u00bb][\/et_pb_icon][et_pb_text _builder_version=\u00bb4.27.4&#8243; _module_preset=\u00bb1dd7a327-2563-419f-a620-d8dc1c761c07&#8243; text_text_color=\u00bb#FFFFFF\u00bb link_text_color=\u00bb#FFFFFF\u00bb custom_margin=\u00bb||20px||false|false\u00bb global_colors_info=\u00bb{}\u00bb]<\/p>\n<ul>\n<li>General: <a href=\"mailto:info.econau@gmail.com\"><u>info.econau@gmail.com<\/u><\/a><\/li>\n<li>Comptabilitat: <span style=\"text-decoration: underline;\"><a href=\"mailto:comptabilitat@econau.org\">comptabilitat@econau.org<\/a><\/span><\/li>\n<li>Aula: <span style=\"text-decoration: underline;\"> <a href=\"mailto:aula@econau.org\">aula@econau.org<\/a><\/span><\/li>\n<\/ul>\n<p>[\/et_pb_text][\/et_pb_column][et_pb_column type=\u00bb1_3&#8243; _builder_version=\u00bb4.25.0&#8243; _module_preset=\u00bbdefault\u00bb background_color=\u00bb#F2F2F2&#8243; custom_padding=\u00bb30px|30px|30px|30px|true|true\u00bb custom_padding_tablet=\u00bb30px|30px|30px|30px|true|true\u00bb custom_padding_phone=\u00bb20px|20px|20px|20px|true|true\u00bb custom_padding_last_edited=\u00bbon|desktop\u00bb global_colors_info=\u00bb{}\u00bb][et_pb_icon font_icon=\u00bb&#xf27a;||fa||900&#8243; icon_color=\u00bb#000000&#8243; icon_width=\u00bb32px\u00bb align=\u00bbleft\u00bb _builder_version=\u00bb4.23.2&#8243; _module_preset=\u00bbdefault\u00bb custom_margin=\u00bb||20px||false|false\u00bb locked=\u00bboff\u00bb global_colors_info=\u00bb{}\u00bb][\/et_pb_icon][et_pb_text _builder_version=\u00bb4.27.4&#8243; _module_preset=\u00bbdefault\u00bb global_colors_info=\u00bb{}\u00bb]<\/p>\n<ul>\n<li>Telegram: https:\/\/t.me\/associacioeconau<\/li>\n<li>Whatsapp: https:\/\/chat.whatsapp.com\/LdyIOtnBBjWASpXSuxaZ9R<\/li>\n<\/ul>\n<p>[\/et_pb_text][\/et_pb_column][\/et_pb_row][\/et_pb_section]<\/p>\n","protected":false},"excerpt":{"rendered":"<p>\u00a1Hazte socio! &nbsp; \u00a1S\u00fabete a bordo al Econau! Dar\u00e1s soporte a un proyecto de dinamizaci\u00f3n local agroecol\u00f3gica \u00a1Tendr\u00e1s descuentos en productos y en actividades, incluso actividades gratuitas! Recibir\u00e1s recetas exclusivas Te ofrecemos una camiseta Empoderamos la Garrofa &#8211; Festival de la Garrofa Seg\u00fan la cuota, tienes acceso al obrador compartido, de forma puntual o continua. [&hellip;]<\/p>\n","protected":false},"author":3,"featured_media":0,"parent":0,"menu_order":0,"comment_status":"closed","ping_status":"closed","template":"","meta":{"_et_pb_use_builder":"on","_et_pb_old_content":"","_et_gb_content_width":"","footnotes":""},"class_list":["post-503","page","type-page","status-publish","hentry"],"_links":{"self":[{"href":"https:\/\/econau.org\/es\/wp-json\/wp\/v2\/pages\/503","targetHints":{"allow":["GET"]}}],"collection":[{"href":"https:\/\/econau.org\/es\/wp-json\/wp\/v2\/pages"}],"about":[{"href":"https:\/\/econau.org\/es\/wp-json\/wp\/v2\/types\/page"}],"author":[{"embeddable":true,"href":"https:\/\/econau.org\/es\/wp-json\/wp\/v2\/users\/3"}],"replies":[{"embeddable":true,"href":"https:\/\/econau.org\/es\/wp-json\/wp\/v2\/comments?post=503"}],"version-history":[{"count":11,"href":"https:\/\/econau.org\/es\/wp-json\/wp\/v2\/pages\/503\/revisions"}],"predecessor-version":[{"id":1446,"href":"https:\/\/econau.org\/es\/wp-json\/wp\/v2\/pages\/503\/revisions\/1446"}],"wp:attachment":[{"href":"https:\/\/econau.org\/es\/wp-json\/wp\/v2\/media?parent=503"}],"curies":[{"name":"wp","href":"https:\/\/api.w.org\/{rel}","templated":true}]}}