{"id":1673,"date":"2026-04-13T12:15:00","date_gmt":"2026-04-13T10:15:00","guid":{"rendered":"https:\/\/econau.org\/?post_type=product&#038;p=1673"},"modified":"2026-04-21T16:35:54","modified_gmt":"2026-04-21T14:35:54","slug":"experiencia-keratia-moli-del-mar","status":"publish","type":"product","link":"https:\/\/econau.org\/es\/producto\/experiencia-keratia-moli-del-mar\/","title":{"rendered":"Experi\u00e8ncia Sender del Silenci -Keratia &#8211; Degustaci\u00f3 Mol\u00ed del Mar"},"content":{"rendered":"<p>Sender del Silenci: Passeig guiat per la natura, la hist\u00f2ria, la flora i la fauna del barranc de Santes Creus. Sender d\u20191 km, circular i amb poc desnivell, amb 12 parades amb explicacions i an\u00e8cdotes rellevants que us permetran descobrir a fons hist\u00f2ria, geografia, cultura i paisatge local.<\/p>\n<p>Visita guiada a les instal\u00b7lacions de l\u2019Econau, en particular al Mol\u00ed del Mar on es fabrica farina de garrofa. Descobreix el funcionament de <em>Keratia<\/em>, la m\u00e0quina processadora de garrofes del 1940.<\/p>\n<p>Presentaci\u00f3 de la part de mol\u00ed i de l\u2019obrador compartit de l\u2019Econau a traves dels finestrals.<\/p>\n<p>Tast de productes de la terra: oli d&#8217;oliva eco, fruita seca i garrocau amb llet vegetal.<\/p>\n<p>Durada: 2h<\/p>\n","protected":false},"excerpt":{"rendered":"<p>Sender del Silenci: Passeig guiat per la natura, la hist\u00f2ria, la flora i la fauna del barranc de Santes Creus. Sender d\u20191 km, circular i amb poc desnivell, amb 12 parades amb explicacions i an\u00e8cdotes rellevants que us permetran descobrir a fons hist\u00f2ria, geografia, cultura i paisatge local. Visita guiada a les instal\u00b7lacions de l\u2019Econau, [&hellip;]<\/p>\n","protected":false},"featured_media":1674,"comment_status":"open","ping_status":"closed","template":"","meta":{"_et_pb_use_builder":"","_et_pb_old_content":"","_et_gb_content_width":""},"product_brand":[],"product_cat":[23],"product_tag":[],"class_list":{"0":"post-1673","1":"product","2":"type-product","3":"status-publish","4":"has-post-thumbnail","6":"product_cat-experiencies","8":"first","9":"instock","10":"virtual","11":"taxable","12":"purchasable","13":"product-type-simple"},"_links":{"self":[{"href":"https:\/\/econau.org\/es\/wp-json\/wp\/v2\/product\/1673","targetHints":{"allow":["GET"]}}],"collection":[{"href":"https:\/\/econau.org\/es\/wp-json\/wp\/v2\/product"}],"about":[{"href":"https:\/\/econau.org\/es\/wp-json\/wp\/v2\/types\/product"}],"replies":[{"embeddable":true,"href":"https:\/\/econau.org\/es\/wp-json\/wp\/v2\/comments?post=1673"}],"wp:featuredmedia":[{"embeddable":true,"href":"https:\/\/econau.org\/es\/wp-json\/wp\/v2\/media\/1674"}],"wp:attachment":[{"href":"https:\/\/econau.org\/es\/wp-json\/wp\/v2\/media?parent=1673"}],"wp:term":[{"taxonomy":"product_brand","embeddable":true,"href":"https:\/\/econau.org\/es\/wp-json\/wp\/v2\/product_brand?post=1673"},{"taxonomy":"product_cat","embeddable":true,"href":"https:\/\/econau.org\/es\/wp-json\/wp\/v2\/product_cat?post=1673"},{"taxonomy":"product_tag","embeddable":true,"href":"https:\/\/econau.org\/es\/wp-json\/wp\/v2\/product_tag?post=1673"}],"curies":[{"name":"wp","href":"https:\/\/api.w.org\/{rel}","templated":true}]}}