{"id":886,"date":"2025-05-16T10:36:15","date_gmt":"2025-05-16T10:36:15","guid":{"rendered":"https:\/\/econau.org\/producto\/garromel-eco\/"},"modified":"2025-05-16T10:36:15","modified_gmt":"2025-05-16T10:36:15","slug":"garromel-eco","status":"publish","type":"product","link":"https:\/\/econau.org\/es\/producto\/garromel-eco\/","title":{"rendered":"GarroMel eco"},"content":{"rendered":"<ul class=\"ul-0\" data-once=\"body\">\n<li class=\"li-0\" data-once=\"ul\">Edulcorante natural de bajo \u00edndice gluc\u00e9mico. Rica en hierro y calcio, perfecta para una dieta equilibrada. <\/li>\n<li class=\"li-0\" data-once=\"ul\">Vers\u00e1til y deliciosa: Disfr\u00fatala en postres, tostadas, yogures, infusiones, recetas saludables o como alternativa al az\u00facar.<\/li>\n<li>De proximidad y sostenible.<\/li>\n<li data-once=\"ul\">Densidad: 1,33 &#8211; Brix: 70<\/li>\n<\/ul>\n","protected":false},"excerpt":{"rendered":"<p>Melaza de algarroba ecol\u00f3gica.<\/p>\n<p>Edulcorante natural de bajo \u00edndice gluc\u00e9mico. Rica en hierro y calcio, perfecta para una dieta equilibrada. <\/p>\n<p>Formato pr\u00e1ctico de baginbox de 2 litros, \u00f3ptima conservaci\u00f3n y con el m\u00ednimo impacto ambiental. Perfecto para consumidoras habituales o elaboradoras. <\/p>\n<p>Vers\u00e1til y deliciosa: Disfr\u00fatala en postres, tostadas, yogures, infusiones, recetas saludables o como alternativa al az\u00facar.<\/p>\n<p>Densidad: 1,33 &#8211; Brix: 70<\/p>\n<p>&nbsp;<\/p>\n","protected":false},"featured_media":487,"comment_status":"open","ping_status":"closed","template":"","meta":{"_et_pb_use_builder":"","_et_pb_old_content":"","_et_gb_content_width":""},"product_brand":[],"product_cat":[86],"product_tag":[],"class_list":{"0":"post-886","1":"product","2":"type-product","3":"status-publish","4":"has-post-thumbnail","6":"product_cat-melaza-de-algarroba","8":"first","9":"instock","10":"featured","11":"taxable","12":"shipping-taxable","13":"purchasable","14":"product-type-simple"},"_links":{"self":[{"href":"https:\/\/econau.org\/es\/wp-json\/wp\/v2\/product\/886","targetHints":{"allow":["GET"]}}],"collection":[{"href":"https:\/\/econau.org\/es\/wp-json\/wp\/v2\/product"}],"about":[{"href":"https:\/\/econau.org\/es\/wp-json\/wp\/v2\/types\/product"}],"replies":[{"embeddable":true,"href":"https:\/\/econau.org\/es\/wp-json\/wp\/v2\/comments?post=886"}],"wp:featuredmedia":[{"embeddable":true,"href":"https:\/\/econau.org\/es\/wp-json\/wp\/v2\/media\/487"}],"wp:attachment":[{"href":"https:\/\/econau.org\/es\/wp-json\/wp\/v2\/media?parent=886"}],"wp:term":[{"taxonomy":"product_brand","embeddable":true,"href":"https:\/\/econau.org\/es\/wp-json\/wp\/v2\/product_brand?post=886"},{"taxonomy":"product_cat","embeddable":true,"href":"https:\/\/econau.org\/es\/wp-json\/wp\/v2\/product_cat?post=886"},{"taxonomy":"product_tag","embeddable":true,"href":"https:\/\/econau.org\/es\/wp-json\/wp\/v2\/product_tag?post=886"}],"curies":[{"name":"wp","href":"https:\/\/api.w.org\/{rel}","templated":true}]}}