{"id":890,"date":"2025-07-21T10:19:58","date_gmt":"2025-07-21T10:19:58","guid":{"rendered":"https:\/\/econau.org\/producto\/cuota-informate\/"},"modified":"2025-07-21T10:19:58","modified_gmt":"2025-07-21T10:19:58","slug":"cuota-informate","status":"publish","type":"product","link":"https:\/\/econau.org\/es\/producto\/cuota-informate\/","title":{"rendered":"Cuota Informate"},"content":{"rendered":"<p><strong>Cuota Informate: <\/strong>Especial para usuarios del aula y EcoKids y amantes de los productos elaborados con algarroba<\/p>\n<p><strong>Al entrar a formar parte de la Asociaci\u00f3n Econau, podr\u00e1s:<\/strong><\/p>\n<ul class=\"ul-0\" data-once=\"body\">\n<li class=\"li-0\" data-once=\"ul\">participar en la sostenibilidad econ\u00f3mica, social y medioambiental del territorio con un proyecto de la Econom\u00eda Social y Solidaria sin \u00e1nimo de lucro<\/li>\n<li class=\"li-0\" data-once=\"ul\">colaborar en un proyecto transformador que promueve una producci\u00f3n agraria ecol\u00f3gica sostenible que favorece la fertilidad del suelo y la biodiversidad, fundamentalmente algarrobas, frutos secos, aceite de oliva, silvicultura, frutas, huerta y alimentos derivados, ya la vez dignificando al campesinado<\/li>\n<li class=\"li-0\" data-once=\"ul\">dar valor a un producto de un cultivo de secano adaptado a cambios clim\u00e1ticos, fijador de nitr\u00f3geno, rico con gran contenido en az\u00facares naturales, prote\u00ednas y minerales (calcio, silicio, hierro y f\u00f3sforo)<\/li>\n<li class=\"li-0\" data-once=\"ul\">dignificar el campesinado y contribuir a la resiliencia y la soberan\u00eda alimentaria de la poblaci\u00f3n y del territorio, transformando la producci\u00f3n agr\u00edcola de las socias en productos para el sector secundario y terciario aumentando su valor a\u00f1adido y contribuyendo a aumentar la rentabilidad de sus producciones<\/li>\n<li class=\"li-0\" data-once=\"ul\">promover la conservaci\u00f3n del medio, favoreciendo la biodiversidad, fomentando el estudio y la divulgaci\u00f3n del patrimonio rural, cultural y natural, impulsando actividades educativas y de ocio en la naturaleza y contribuyendo a un mayor bienestar ya una relaci\u00f3n equilibrada y sostenible entre las personas y el medio.<\/li>\n<li class=\"li-0\" data-once=\"ul\">disfrutar de las ventajas de formar parte de esta comunidad!!!<\/li>\n<li data-once=\"ul\"><strong>Descuentos de 5% en productos<\/strong><\/li>\n<li data-once=\"ul\"><strong>Descuentos en actividades y alquiler de espacios<\/strong>, e incluso algunas actividades gratuitas<\/li>\n<li data-once=\"ul\">\u00a1Una <strong>camiseta <\/strong>y un <strong>recetario <\/strong>exclusivo!<\/li>\n<\/ul>\n<p>Cuota anual de enero a diciembre<\/p>\n","protected":false},"excerpt":{"rendered":"<p><strong>Cuota Informate: <\/strong>Especial para usuarios del aula y EcoKids y amantes de los productos elaborados con algarroba<\/p>\n<ul class=\"ul-0\" data-once=\"body\">\n<li class=\"li-0\" data-once=\"ul\">participa en un proyecto transformador<\/li>\n<li class=\"li-0\" data-once=\"ul\">disfruta de descomptes de 5% en productes, descomptes en activitats i lloguer d&#8217;espais, i fins i tot algunes activitats gratu\u00eftes<\/li>\n<li data-once=\"ul\">una samarreta i un receptari exclusiu!<\/li>\n<\/ul>\n<p>Cuota anual de enero a diciembre<\/p>\n","protected":false},"featured_media":587,"comment_status":"open","ping_status":"closed","template":"","meta":{"_et_pb_use_builder":"","_et_pb_old_content":"","_et_gb_content_width":""},"product_brand":[],"product_cat":[84],"product_tag":[],"class_list":{"0":"post-890","1":"product","2":"type-product","3":"status-publish","4":"has-post-thumbnail","6":"product_cat-servicios","8":"first","9":"instock","10":"virtual","11":"purchasable","12":"product-type-simple"},"_links":{"self":[{"href":"https:\/\/econau.org\/es\/wp-json\/wp\/v2\/product\/890","targetHints":{"allow":["GET"]}}],"collection":[{"href":"https:\/\/econau.org\/es\/wp-json\/wp\/v2\/product"}],"about":[{"href":"https:\/\/econau.org\/es\/wp-json\/wp\/v2\/types\/product"}],"replies":[{"embeddable":true,"href":"https:\/\/econau.org\/es\/wp-json\/wp\/v2\/comments?post=890"}],"wp:featuredmedia":[{"embeddable":true,"href":"https:\/\/econau.org\/es\/wp-json\/wp\/v2\/media\/587"}],"wp:attachment":[{"href":"https:\/\/econau.org\/es\/wp-json\/wp\/v2\/media?parent=890"}],"wp:term":[{"taxonomy":"product_brand","embeddable":true,"href":"https:\/\/econau.org\/es\/wp-json\/wp\/v2\/product_brand?post=890"},{"taxonomy":"product_cat","embeddable":true,"href":"https:\/\/econau.org\/es\/wp-json\/wp\/v2\/product_cat?post=890"},{"taxonomy":"product_tag","embeddable":true,"href":"https:\/\/econau.org\/es\/wp-json\/wp\/v2\/product_tag?post=890"}],"curies":[{"name":"wp","href":"https:\/\/api.w.org\/{rel}","templated":true}]}}