{"id":894,"date":"2025-07-14T06:35:38","date_gmt":"2025-07-14T06:35:38","guid":{"rendered":"https:\/\/econau.org\/producto\/garrobirra\/"},"modified":"2025-07-14T06:35:38","modified_gmt":"2025-07-14T06:35:38","slug":"garrobirra","status":"publish","type":"product","link":"https:\/\/econau.org\/es\/producto\/garrobirra\/","title":{"rendered":"GarroBirra"},"content":{"rendered":"<p>Algarroba Ale<\/p>\n<p>Tipo Marzen \/ Amber Ale<\/p>\n<p>Notas de cata:<\/p>\n<p>Cerveza \u00c1mbar Oscuro con notas de algarroba<br \/>\n<strong>Aspecto<\/strong>: Color \u00e1mbar oscuro, con un aspecto transl\u00facido y una espuma de color crema, persistente y atractiva.<br \/>\n<strong>Aroma<\/strong>: En nariz, se revelan aromas complejos y cautivadores. Notas caramelizadas de toffee se entrelazan con aromas dulces que recuerdan fruta madura, regaliz y madera. Tambi\u00e9n se perciben toques de hierba fresca y artemisa, junto con las caracter\u00edsticas distintivas de la algarroba, que aportan un aroma intenso y dulce.<br \/>\n<strong>Sabor<\/strong>: El sabor es predominantemente dulce, con notas de caramelo toffee y pan que se equilibran con un amargor agradable. Esta amargura, asociada a los l\u00fapulos Magnum y Saaz, aporta un car\u00e1cter equilibrado al trago. La algarroba a\u00f1ade un deje caracter\u00edstico que complementa la dulzura inicial, ofreciendo una sensaci\u00f3n fresca en la boca.<br \/>\n<strong>Sensaci\u00f3n en Boca<\/strong>: La cerveza presenta una textura suave y una sensaci\u00f3n astringente que persiste en el paladar, haciendo que cada sorbo sea memorable.<br \/>\n<strong>Final<\/strong>: Con un final dulce que se complementa con el ligero amargor, esta cerveza es ideal para los amantes de las maltas y de la algarroba, que buscan una experiencia sensorial rica y equilibrada<\/p>\n<p>Botella de vidrio de 33 cl.<\/p>\n<p><a href=\"https:\/\/econau.org\/wp-content\/uploads\/2025\/07\/FICHA-TECNICA-ALGARROBA-ALE-GARROBIRRA.pdf\" target=\"_blank\" rel=\"noopener\">Ficha t\u00e9cnica<\/a><\/p>\n","protected":false},"excerpt":{"rendered":"<p>Algarroba Ale<\/p>\n<p>Tipo Marzen \/ Amber Ale<\/p>\n<p><strong>Notas de cata: Cerveza \u00c1mbar Oscuro con notas de algarroba<\/strong><br \/>\n<strong>Aspecto<\/strong>: Color \u00e1mbar oscuro, con un aspecto transl\u00facido y una espuma de color crema, persistente y atractiva.<br \/>\n<strong>Aroma<\/strong>: En nariz, se revelan aromas complejos y cautivadores. Notas caramelizadas de toffee se entrelazan con aromas dulces que recuerdan fruta madura, regaliz y madera. Tambi\u00e9n se perciben toques de hierba fresca y artemisa, junto con las caracter\u00edsticas distintivas de la algarroba, que aportan un aroma intenso y dulce.<br \/>\n<strong>Sabor<\/strong>: El sabor es predominantemente dulce, con notas de caramelo toffee y pan que se equilibran con un amargor agradable. Esta amargura, asociada a los l\u00fapulos Magnum y Saaz, aporta un car\u00e1cter equilibrado al trago. La algarroba a\u00f1ade un deje caracter\u00edstico que complementa la dulzura inicial, ofreciendo una sensaci\u00f3n fresca en la boca.<br \/>\n<strong>Sensaci\u00f3n en Boca<\/strong>: La cerveza presenta una textura suave y una sensaci\u00f3n astringente que persiste en el paladar, haciendo que cada sorbo sea memorable.<br \/>\n<strong>Final<\/strong>: Con un final dulce que se complementa con el ligero amargor, esta cerveza es ideal para los amantes de las maltas y de la algarroba, que buscan una experiencia sensorial rica y equilibrada<\/p>\n<p>Precio unitario: disponible en cajas de 12<\/p>\n","protected":false},"featured_media":249,"comment_status":"open","ping_status":"closed","template":"","meta":{"_et_pb_use_builder":"","_et_pb_old_content":"","_et_gb_content_width":""},"product_brand":[],"product_cat":[94],"product_tag":[95],"class_list":{"0":"post-894","1":"product","2":"type-product","3":"status-publish","4":"has-post-thumbnail","6":"product_cat-bebidas","7":"product_tag-bebidas","9":"first","10":"instock","11":"featured","12":"taxable","13":"shipping-taxable","14":"purchasable","15":"product-type-simple"},"_links":{"self":[{"href":"https:\/\/econau.org\/es\/wp-json\/wp\/v2\/product\/894","targetHints":{"allow":["GET"]}}],"collection":[{"href":"https:\/\/econau.org\/es\/wp-json\/wp\/v2\/product"}],"about":[{"href":"https:\/\/econau.org\/es\/wp-json\/wp\/v2\/types\/product"}],"replies":[{"embeddable":true,"href":"https:\/\/econau.org\/es\/wp-json\/wp\/v2\/comments?post=894"}],"wp:featuredmedia":[{"embeddable":true,"href":"https:\/\/econau.org\/es\/wp-json\/wp\/v2\/media\/249"}],"wp:attachment":[{"href":"https:\/\/econau.org\/es\/wp-json\/wp\/v2\/media?parent=894"}],"wp:term":[{"taxonomy":"product_brand","embeddable":true,"href":"https:\/\/econau.org\/es\/wp-json\/wp\/v2\/product_brand?post=894"},{"taxonomy":"product_cat","embeddable":true,"href":"https:\/\/econau.org\/es\/wp-json\/wp\/v2\/product_cat?post=894"},{"taxonomy":"product_tag","embeddable":true,"href":"https:\/\/econau.org\/es\/wp-json\/wp\/v2\/product_tag?post=894"}],"curies":[{"name":"wp","href":"https:\/\/api.w.org\/{rel}","templated":true}]}}